{"id":6520,"date":"2024-10-08T06:01:56","date_gmt":"2024-10-08T06:01:56","guid":{"rendered":"https:\/\/riocelesteaventuras.com\/product\/journee-entiere-de-randonnee-et-de-descente-de-cascades-en-chambre-a-air\/"},"modified":"2024-10-08T06:01:56","modified_gmt":"2024-10-08T06:01:56","slug":"journee-entiere-de-randonnee-et-de-descente-de-cascades-en-chambre-a-air","status":"publish","type":"product","link":"https:\/\/riocelesteaventuras.com\/fr\/product\/journee-entiere-de-randonnee-et-de-descente-de-cascades-en-chambre-a-air\/","title":{"rendered":"Journ\u00e9e enti\u00e8re de randonn\u00e9e et de descente de cascades en chambre \u00e0 air"},"content":{"rendered":"","protected":false},"excerpt":{"rendered":"","protected":false},"featured_media":0,"comment_status":"open","ping_status":"closed","template":"","meta":[],"product_brand":[],"product_cat":[70],"product_tag":[],"class_list":{"0":"post-6520","1":"product","2":"type-product","3":"status-publish","5":"product_cat-uncategorized","6":"travel-monster-post","7":"no-post-thumbnail","8":"latest_post","10":"first","11":"instock","12":"virtual","13":"sold-individually","14":"purchasable","15":"product-type-simple"},"_links":{"self":[{"href":"https:\/\/riocelesteaventuras.com\/fr\/wp-json\/wp\/v2\/product\/6520","targetHints":{"allow":["GET"]}}],"collection":[{"href":"https:\/\/riocelesteaventuras.com\/fr\/wp-json\/wp\/v2\/product"}],"about":[{"href":"https:\/\/riocelesteaventuras.com\/fr\/wp-json\/wp\/v2\/types\/product"}],"replies":[{"embeddable":true,"href":"https:\/\/riocelesteaventuras.com\/fr\/wp-json\/wp\/v2\/comments?post=6520"}],"wp:attachment":[{"href":"https:\/\/riocelesteaventuras.com\/fr\/wp-json\/wp\/v2\/media?parent=6520"}],"wp:term":[{"taxonomy":"product_brand","embeddable":true,"href":"https:\/\/riocelesteaventuras.com\/fr\/wp-json\/wp\/v2\/product_brand?post=6520"},{"taxonomy":"product_cat","embeddable":true,"href":"https:\/\/riocelesteaventuras.com\/fr\/wp-json\/wp\/v2\/product_cat?post=6520"},{"taxonomy":"product_tag","embeddable":true,"href":"https:\/\/riocelesteaventuras.com\/fr\/wp-json\/wp\/v2\/product_tag?post=6520"}],"curies":[{"name":"wp","href":"https:\/\/api.w.org\/{rel}","templated":true}]}}