{"id":6824,"date":"2024-11-22T06:55:06","date_gmt":"2024-11-22T06:55:06","guid":{"rendered":"https:\/\/riocelesteaventuras.com\/politique-de-confidentialite\/"},"modified":"2025-09-27T10:09:45","modified_gmt":"2025-09-27T10:09:45","slug":"politique-de-confidentialite","status":"publish","type":"page","link":"https:\/\/riocelesteaventuras.com\/fr\/politique-de-confidentialite\/","title":{"rendered":"Politique de confidentialit\u00e9"},"content":{"rendered":"\t\t<div data-elementor-type=\"wp-page\" data-elementor-id=\"6824\" class=\"elementor elementor-6824 elementor-5823\" data-elementor-post-type=\"page\">\n\t\t\t\t\t\t<section class=\"elementor-section elementor-top-section elementor-element elementor-element-b5b4eca elementor-section-boxed elementor-section-height-default elementor-section-height-default\" data-id=\"b5b4eca\" data-element_type=\"section\" data-e-type=\"section\" data-settings=\"{&quot;background_background&quot;:&quot;classic&quot;}\">\n\t\t\t\t\t\t\t<div class=\"elementor-background-overlay\"><\/div>\n\t\t\t\t\t\t\t<div class=\"elementor-container elementor-column-gap-default\">\n\t\t\t\t\t<div class=\"elementor-column elementor-col-100 elementor-top-column elementor-element elementor-element-eadb16c\" data-id=\"eadb16c\" data-element_type=\"column\" data-e-type=\"column\">\n\t\t\t<div class=\"elementor-widget-wrap elementor-element-populated\">\n\t\t\t\t\t\t<div class=\"elementor-element elementor-element-01a9f5f elementor-widget elementor-widget-heading\" data-id=\"01a9f5f\" data-element_type=\"widget\" data-e-type=\"widget\" data-widget_type=\"heading.default\">\n\t\t\t\t<div class=\"elementor-widget-container\">\n\t\t\t\t\t<h1 class=\"elementor-heading-title elementor-size-default\">Politique de confidentialit\u00e9<\/h1>\t\t\t\t<\/div>\n\t\t\t\t<\/div>\n\t\t\t\t\t<\/div>\n\t\t<\/div>\n\t\t\t\t\t<\/div>\n\t\t<\/section>\n\t\t<div class=\"elementor-element elementor-element-828db44 e-flex e-con-boxed e-con e-parent\" data-id=\"828db44\" data-element_type=\"container\" data-e-type=\"container\">\n\t\t\t\t\t<div class=\"e-con-inner\">\n\t\t<div class=\"elementor-element elementor-element-6e43fdc e-con-full e-flex e-con e-child\" data-id=\"6e43fdc\" data-element_type=\"container\" data-e-type=\"container\">\n\t\t\t\t<div class=\"elementor-element elementor-element-6d9ae65 elementor-widget elementor-widget-text-editor\" data-id=\"6d9ae65\" data-element_type=\"widget\" data-e-type=\"widget\" data-widget_type=\"text-editor.default\">\n\t\t\t\t<div class=\"elementor-widget-container\">\n\t\t\t\t\t\t\t\t\t<h2>Politique de confidentialit\u00e9 de Rio Celeste Adventures<\/h2>\n<h3>Date d&rsquo;entr\u00e9e en vigueur : 2013<\/h3>\n<p>Rio Celeste Aventuras accorde une grande importance \u00e0 votre vie priv\u00e9e et la respecte. La pr\u00e9sente politique de confidentialit\u00e9 d\u00e9crit la mani\u00e8re dont nous recueillons, utilisons et prot\u00e9geons vos donn\u00e9es personnelles. <\/p>\n<h3>Collecte d&rsquo;informations<\/h3>\n<p>Nous recueillons les informations personnelles que vous nous fournissez lorsque vous r\u00e9servez des voyages ou que vous communiquez avec nous. Il peut s&rsquo;agir de votre nom, de votre adresse \u00e9lectronique, de votre num\u00e9ro de t\u00e9l\u00e9phone et d&rsquo;autres informations relatives \u00e0 votre r\u00e9servation. <\/p>\n<p>En outre, notre site web peut collecter des informations techniques, telles que des adresses IP, des cookies et des donn\u00e9es de navigation, afin d&rsquo;am\u00e9liorer l&rsquo;exp\u00e9rience de l&rsquo;utilisateur et d&rsquo;assurer la s\u00e9curit\u00e9 du site.<\/p>\n<h3>Utilisation des informations<\/h3>\n<p>Nous utilisons les informations personnelles que nous recueillons aux fins suivantes :<\/p>\n<ul>\n<li>Traiter les r\u00e9servations et les paiements.<\/li>\n<li>Vous envoyer les confirmations et les d\u00e9tails de la r\u00e9servation.<\/li>\n<li>Fournir des informations sur nos visites et nos services.<\/li>\n<li>R\u00e9pondre \u00e0 vos questions et \u00e0 vos demandes.<\/li>\n<li>Am\u00e9liorer notre site web et nos services.<\/li>\n<\/ul>\n<h3>Protection des donn\u00e9es personnelles<\/h3>\n<p>Nous prenons des mesures pour prot\u00e9ger vos donn\u00e9es personnelles et veiller \u00e0 ce qu&rsquo;elles soient trait\u00e9es en toute s\u00e9curit\u00e9. Nous ne partagerons pas vos informations avec des tiers, sauf si cela est n\u00e9cessaire pour honorer votre r\u00e9servation ou en raison d&rsquo;une obligation l\u00e9gale. <\/p>\n<h3>Cookies et analyse du site web<\/h3>\n<p>Nous utilisons des cookies et des outils d&rsquo;analyse web pour collecter des informations sur la mani\u00e8re dont les visiteurs utilisent notre site web. Ces informations nous aident \u00e0 am\u00e9liorer notre site et \u00e0 fournir un contenu pertinent. <\/p>\n<h3>Droits de l&rsquo;utilisateur<\/h3>\n<p>Vous avez le droit d&rsquo;acc\u00e9der \u00e0 vos donn\u00e9es personnelles, de les corriger, de les supprimer ou d&rsquo;en limiter le traitement. Si vous souhaitez exercer ces droits ou si vous avez des questions ou des pr\u00e9occupations, n&rsquo;h\u00e9sitez pas \u00e0 nous contacter \u00e0 l&rsquo;adresse \u00e9lectronique suivante : <a href=\"mailto:info@riocelesteaventuras.com\">info@riocelesteaventuras.com.<\/a> <\/p>\n<h3>Modifications de la politique de confidentialit\u00e9<\/h3>\n<p>Bien que notre politique de confidentialit\u00e9 soit en vigueur depuis 2013, nous pouvons proc\u00e9der \u00e0 des mises \u00e0 jour p\u00e9riodiques. Toute modification sera publi\u00e9e sur cette page avec la date correspondante. <\/p>\n<h3>Contact<\/h3>\n<p>Si vous avez des questions ou des pr\u00e9occupations concernant la pr\u00e9sente politique de confidentialit\u00e9 ou vos donn\u00e9es personnelles, n&rsquo;h\u00e9sitez pas \u00e0 nous contacter \u00e0 l&rsquo;adresse \u00e9lectronique indiqu\u00e9e ci-dessus.<\/p>\t\t\t\t\t\t\t\t<\/div>\n\t\t\t\t<\/div>\n\t\t\t\t<\/div>\n\t\t\t\t\t<\/div>\n\t\t\t\t<\/div>\n\t\t\t\t<\/div>\n\t\t","protected":false},"excerpt":{"rendered":"<p>Politique de confidentialit\u00e9 Politique de confidentialit\u00e9 de Rio Celeste Adventures Date d&rsquo;entr\u00e9e en vigueur : 2013 Rio Celeste Aventuras accorde une grande importance \u00e0 votre vie priv\u00e9e et la respecte. La pr\u00e9sente politique de confidentialit\u00e9 d\u00e9crit la mani\u00e8re dont nous [&hellip;]<\/p>\n","protected":false},"author":1,"featured_media":0,"parent":0,"menu_order":0,"comment_status":"closed","ping_status":"closed","template":"elementor_header_footer","meta":{"footnotes":""},"class_list":["post-6824","page","type-page","status-publish","hentry","travel-monster-post","no-post-thumbnail","latest_post"],"_links":{"self":[{"href":"https:\/\/riocelesteaventuras.com\/fr\/wp-json\/wp\/v2\/pages\/6824","targetHints":{"allow":["GET"]}}],"collection":[{"href":"https:\/\/riocelesteaventuras.com\/fr\/wp-json\/wp\/v2\/pages"}],"about":[{"href":"https:\/\/riocelesteaventuras.com\/fr\/wp-json\/wp\/v2\/types\/page"}],"author":[{"embeddable":true,"href":"https:\/\/riocelesteaventuras.com\/fr\/wp-json\/wp\/v2\/users\/1"}],"replies":[{"embeddable":true,"href":"https:\/\/riocelesteaventuras.com\/fr\/wp-json\/wp\/v2\/comments?post=6824"}],"version-history":[{"count":0,"href":"https:\/\/riocelesteaventuras.com\/fr\/wp-json\/wp\/v2\/pages\/6824\/revisions"}],"wp:attachment":[{"href":"https:\/\/riocelesteaventuras.com\/fr\/wp-json\/wp\/v2\/media?parent=6824"}],"curies":[{"name":"wp","href":"https:\/\/api.w.org\/{rel}","templated":true}]}}