{"id":6710,"date":"2024-09-12T12:27:46","date_gmt":"2024-09-12T12:27:46","guid":{"rendered":"https:\/\/riocelesteaventuras.com\/conditions-generales-dutilisation\/"},"modified":"2025-09-27T10:10:04","modified_gmt":"2025-09-27T10:10:04","slug":"conditions-generales-dutilisation","status":"publish","type":"page","link":"https:\/\/riocelesteaventuras.com\/fr\/conditions-generales-dutilisation\/","title":{"rendered":"Conditions g\u00e9n\u00e9rales d&rsquo;utilisation"},"content":{"rendered":"\t\t<div data-elementor-type=\"wp-page\" data-elementor-id=\"6710\" class=\"elementor elementor-6710 elementor-16\" data-elementor-post-type=\"page\">\n\t\t\t\t\t\t<section class=\"elementor-section elementor-top-section elementor-element elementor-element-b6c83be elementor-section-boxed elementor-section-height-default elementor-section-height-default\" data-id=\"b6c83be\" data-element_type=\"section\" data-e-type=\"section\" data-settings=\"{&quot;background_background&quot;:&quot;classic&quot;}\">\n\t\t\t\t\t\t\t<div class=\"elementor-background-overlay\"><\/div>\n\t\t\t\t\t\t\t<div class=\"elementor-container elementor-column-gap-default\">\n\t\t\t\t\t<div class=\"elementor-column elementor-col-100 elementor-top-column elementor-element elementor-element-a97a12a\" data-id=\"a97a12a\" data-element_type=\"column\" data-e-type=\"column\">\n\t\t\t<div class=\"elementor-widget-wrap elementor-element-populated\">\n\t\t\t\t\t\t<div class=\"elementor-element elementor-element-6e5e40b elementor-widget elementor-widget-heading\" data-id=\"6e5e40b\" data-element_type=\"widget\" data-e-type=\"widget\" data-widget_type=\"heading.default\">\n\t\t\t\t<div class=\"elementor-widget-container\">\n\t\t\t\t\t<h1 class=\"elementor-heading-title elementor-size-default\">Conditions d'utilisation<\/h1>\t\t\t\t<\/div>\n\t\t\t\t<\/div>\n\t\t\t\t\t<\/div>\n\t\t<\/div>\n\t\t\t\t\t<\/div>\n\t\t<\/section>\n\t\t<div class=\"elementor-element elementor-element-448dc06 e-flex e-con-boxed e-con e-parent\" data-id=\"448dc06\" data-element_type=\"container\" data-e-type=\"container\">\n\t\t\t\t\t<div class=\"e-con-inner\">\n\t\t<div class=\"elementor-element elementor-element-cb398f9 e-con-full e-flex e-con e-child\" data-id=\"cb398f9\" data-element_type=\"container\" data-e-type=\"container\">\n\t\t\t\t<div class=\"elementor-element elementor-element-bd2dd3a elementor-widget elementor-widget-text-editor\" data-id=\"bd2dd3a\" data-element_type=\"widget\" data-e-type=\"widget\" data-widget_type=\"text-editor.default\">\n\t\t\t\t<div class=\"elementor-widget-container\">\n\t\t\t\t\t\t\t\t\t<h2>Conditions g\u00e9n\u00e9rales de Rio Celeste Aventuras<\/h2><h3>Date d&rsquo;entr\u00e9e en vigueur : 2013<\/h3><p>En utilisant les services de Rio Celeste Aventuras pour vos <em>randonn\u00e9es au Costa Rica<\/em> et l&rsquo;<em>observation des oiseaux au Costa Rica<\/em>, vous acceptez de vous conformer \u00e0 ces termes et conditions. Nous nous r\u00e9servons le droit de refuser ou d&rsquo;annuler des r\u00e9servations en cas de non-respect de ces conditions, y compris la fourniture d&rsquo;informations exactes pour vos <em>meilleures randonn\u00e9es au Costa Rica<\/em>. <\/p><h3>Politique d&rsquo;annulation et de remboursement<\/h3><p>&#8211; Reportez-vous \u00e0 notre politique d&rsquo;annulation et de remboursement pour obtenir des informations d\u00e9taill\u00e9es sur le <em>guide de la vie sauvage au Costa Rica<\/em>. Les annulations peuvent \u00eatre soumises \u00e0 des frais. <\/p><h3>Droits d&rsquo;auteur et propri\u00e9t\u00e9 intellectuelle<\/h3><p>&#8211; Le contenu de ce site web, y compris les images et les textes, est prot\u00e9g\u00e9 par des droits d&rsquo;auteur. L&rsquo;utilisation non autoris\u00e9e de notre contenu, y compris notre <em>guide des oiseaux du Costa Rica<\/em>, n&rsquo;est pas permise. <\/p><h3>Politique de confidentialit\u00e9<\/h3><p>&#8211; Votre utilisation de nos services est soumise \u00e0 notre politique de confidentialit\u00e9. Veuillez vous r\u00e9f\u00e9rer \u00e0 la politique pour plus d&rsquo;informations concernant votre <em>guide de la vie sauvage au Costa Rica<\/em>. <\/p><h3>Clause de non-responsabilit\u00e9<\/h3><p>&#8211; Malgr\u00e9 nos efforts pour fournir des informations exactes, nous ne garantissons pas l&rsquo;exactitude des informations sur notre site web pour vos <em>meilleures randonn\u00e9es au Costa Rica<\/em>. Vous participez \u00e0 nos activit\u00e9s \u00e0 vos risques et p\u00e9rils, y compris l&rsquo;<em>observation des oiseaux au Costa Rica<\/em>. <\/p><h3>Modifications des conditions g\u00e9n\u00e9rales<\/h3><p>&#8211; Nous nous r\u00e9servons le droit de mettre \u00e0 jour ou de modifier les pr\u00e9sentes conditions g\u00e9n\u00e9rales \u00e0 tout moment. Les modifications seront effectives \u00e0 partir de la date d&rsquo;entr\u00e9e en vigueur sp\u00e9cifi\u00e9e. <\/p><h3>Contact<\/h3><p>Si vous avez des questions ou des pr\u00e9occupations concernant ces conditions g\u00e9n\u00e9rales, n&rsquo;h\u00e9sitez pas \u00e0 <a href=\"mailto:info@riocelesteaventuras.com\">nous contacter<\/a> pour plus d&rsquo;informations sur votre <em>guide ornithologique du Costa Rica<\/em>.<\/p><hr><p>D\u00e9couvrez les merveilles de<\/p><p><strong>Guide de la vie sauvage au Costa Rica<\/strong> et <strong>randonn\u00e9e au Costa Rica<\/strong> au Parque Nacional Tenorio. Plongez dans la beaut\u00e9 \u00e9poustouflante du Rio Celeste lors de votre aventure d&rsquo;<strong>observation des oiseaux au Costa Rica<\/strong>. D\u00e9couvrez la magie de ces destinations lors de votre prochain voyage !  <\/p>\t\t\t\t\t\t\t\t<\/div>\n\t\t\t\t<\/div>\n\t\t\t\t<\/div>\n\t\t\t\t\t<\/div>\n\t\t\t\t<\/div>\n\t\t\t\t<\/div>\n\t\t","protected":false},"excerpt":{"rendered":"<p>Conditions d&rsquo;utilisation Conditions g\u00e9n\u00e9rales de Rio Celeste Aventuras Date d&rsquo;entr\u00e9e en vigueur : 2013 En utilisant les services de Rio Celeste Aventuras pour vos randonn\u00e9es au Costa Rica et l&rsquo;observation des oiseaux au Costa Rica, vous acceptez de vous conformer [&hellip;]<\/p>\n","protected":false},"author":1,"featured_media":0,"parent":0,"menu_order":0,"comment_status":"closed","ping_status":"closed","template":"elementor_header_footer","meta":{"footnotes":""},"class_list":["post-6710","page","type-page","status-publish","hentry","travel-monster-post","no-post-thumbnail","latest_post"],"_links":{"self":[{"href":"https:\/\/riocelesteaventuras.com\/fr\/wp-json\/wp\/v2\/pages\/6710","targetHints":{"allow":["GET"]}}],"collection":[{"href":"https:\/\/riocelesteaventuras.com\/fr\/wp-json\/wp\/v2\/pages"}],"about":[{"href":"https:\/\/riocelesteaventuras.com\/fr\/wp-json\/wp\/v2\/types\/page"}],"author":[{"embeddable":true,"href":"https:\/\/riocelesteaventuras.com\/fr\/wp-json\/wp\/v2\/users\/1"}],"replies":[{"embeddable":true,"href":"https:\/\/riocelesteaventuras.com\/fr\/wp-json\/wp\/v2\/comments?post=6710"}],"version-history":[{"count":0,"href":"https:\/\/riocelesteaventuras.com\/fr\/wp-json\/wp\/v2\/pages\/6710\/revisions"}],"wp:attachment":[{"href":"https:\/\/riocelesteaventuras.com\/fr\/wp-json\/wp\/v2\/media?parent=6710"}],"curies":[{"name":"wp","href":"https:\/\/api.w.org\/{rel}","templated":true}]}}