{"id":6618,"date":"2024-09-24T08:02:37","date_gmt":"2024-09-24T08:02:37","guid":{"rendered":"https:\/\/riocelesteaventuras.com\/galerie\/"},"modified":"2025-09-26T06:56:29","modified_gmt":"2025-09-26T06:56:29","slug":"galerie","status":"publish","type":"page","link":"https:\/\/riocelesteaventuras.com\/fr\/galerie\/","title":{"rendered":"Galerie"},"content":{"rendered":"\t\t<div data-elementor-type=\"wp-page\" data-elementor-id=\"6618\" class=\"elementor elementor-6618 elementor-5268\" data-elementor-post-type=\"page\">\n\t\t\t\t\t\t<section class=\"elementor-section elementor-top-section elementor-element elementor-element-4012cdc elementor-section-boxed elementor-section-height-default elementor-section-height-default\" data-id=\"4012cdc\" data-element_type=\"section\" data-e-type=\"section\" data-settings=\"{&quot;background_background&quot;:&quot;classic&quot;}\">\n\t\t\t\t\t\t\t<div class=\"elementor-background-overlay\"><\/div>\n\t\t\t\t\t\t\t<div class=\"elementor-container elementor-column-gap-default\">\n\t\t\t\t\t<div class=\"elementor-column elementor-col-100 elementor-top-column elementor-element elementor-element-3c1f346\" data-id=\"3c1f346\" data-element_type=\"column\" data-e-type=\"column\">\n\t\t\t<div class=\"elementor-widget-wrap elementor-element-populated\">\n\t\t\t\t\t\t<div class=\"elementor-element elementor-element-0ed884e elementor-widget elementor-widget-heading\" data-id=\"0ed884e\" data-element_type=\"widget\" data-e-type=\"widget\" data-widget_type=\"heading.default\">\n\t\t\t\t<div class=\"elementor-widget-container\">\n\t\t\t\t\t<h2 class=\"elementor-heading-title elementor-size-default\">Galerie<\/h2>\t\t\t\t<\/div>\n\t\t\t\t<\/div>\n\t\t\t\t\t<\/div>\n\t\t<\/div>\n\t\t\t\t\t<\/div>\n\t\t<\/section>\n\t\t<div class=\"elementor-element elementor-element-084f3b6 e-flex e-con-boxed e-con e-parent\" data-id=\"084f3b6\" data-element_type=\"container\" data-e-type=\"container\">\n\t\t\t\t\t<div class=\"e-con-inner\">\n\t\t\t\t<div class=\"elementor-element elementor-element-660172e elementor-widget elementor-widget-heading\" data-id=\"660172e\" data-element_type=\"widget\" data-e-type=\"widget\" data-widget_type=\"heading.default\">\n\t\t\t\t<div class=\"elementor-widget-container\">\n\t\t\t\t\t<h1 class=\"elementor-heading-title elementor-size-default\">Lib\u00e9rez votre esprit d'aventure : vivez le frisson des tubes Rio Celeste<\/h1>\t\t\t\t<\/div>\n\t\t\t\t<\/div>\n\t\t\t\t<div class=\"elementor-element elementor-element-411cb82 elementor-widget elementor-widget-shortcode\" data-id=\"411cb82\" data-element_type=\"widget\" data-e-type=\"widget\" data-widget_type=\"shortcode.default\">\n\t\t\t\t<div class=\"elementor-widget-container\">\n\t\t\t\t\t\t\t<div class=\"elementor-shortcode\">[foogallery id=\"5298\"]<\/div>\n\t\t\t\t\t\t<\/div>\n\t\t\t\t<\/div>\n\t\t\t\t<div class=\"elementor-element elementor-element-1327202 elementor-widget elementor-widget-heading\" data-id=\"1327202\" data-element_type=\"widget\" data-e-type=\"widget\" data-widget_type=\"heading.default\">\n\t\t\t\t<div class=\"elementor-widget-container\">\n\t\t\t\t\t<h4 class=\"elementor-heading-title elementor-size-default\">Galerie de photos de Rio Celeste Costa Rica<\/h4>\t\t\t\t<\/div>\n\t\t\t\t<\/div>\n\t\t\t\t<div class=\"elementor-element elementor-element-8808267 elementor-widget elementor-widget-text-editor\" data-id=\"8808267\" data-element_type=\"widget\" data-e-type=\"widget\" data-widget_type=\"text-editor.default\">\n\t\t\t\t<div class=\"elementor-widget-container\">\n\t\t\t\t\t\t\t\t\t<h4>Photos captur\u00e9es par des experts<\/h4>\nNos photos sont prises de mani\u00e8re experte et capturent la beaut\u00e9 unique des tubes Rio Celeste.\nChaque image met en valeur les paysages spectaculaires et la beaut\u00e9 naturelle de la r\u00e9gion.\nNous s\u00e9lectionnons soigneusement les meilleures photos pour garantir que vous obtenez une repr\u00e9sentation fid\u00e8le de ce \u00e0 quoi vous attendre lors de votre aventure en tubing.  \n\t\t\t\t\t\t\t\t<\/div>\n\t\t\t\t<\/div>\n\t\t\t\t<div class=\"elementor-element elementor-element-6f0deaa elementor-widget elementor-widget-text-editor\" data-id=\"6f0deaa\" data-element_type=\"widget\" data-e-type=\"widget\" data-widget_type=\"text-editor.default\">\n\t\t\t\t<div class=\"elementor-widget-container\">\n\t\t\t\t\t\t\t\t\t\n<h4>Inspiration pour votre prochain voyage<\/h4>\nQue vous soyez \u00e0 la recherche d&rsquo;inspiration pour planifier votre prochain voyage ou que vous souhaitiez simplement admirer la nature \u00e9poustouflante du Rio Celeste depuis le confort de votre maison, notre galerie vous laissera sans voix.\nChaque photo est un rappel de la beaut\u00e9 naturelle qui vous attend lors de votre prochaine aventure. \n\n\t\t\t\t\t\t\t\t<\/div>\n\t\t\t\t<\/div>\n\t\t\t\t<div class=\"elementor-element elementor-element-a1bd8cf elementor-widget elementor-widget-text-editor\" data-id=\"a1bd8cf\" data-element_type=\"widget\" data-e-type=\"widget\" data-widget_type=\"text-editor.default\">\n\t\t\t\t<div class=\"elementor-widget-container\">\n\t\t\t\t\t\t\t\t\t<h4>R\u00e9servez votre visite en tubing du Rio Celeste<\/h4>\nSi vous \u00eates pr\u00eat \u00e0 d\u00e9couvrir personnellement la beaut\u00e9 de R\u00edo Celeste, n&rsquo;h\u00e9sitez pas \u00e0 nous contacter. Nos excursions en tubing sont le moyen id\u00e9al d&rsquo;explorer les magnifiques paysages naturels du Costa Rica. Nous sommes impatients de partager avec vous la merveilleuse aventure du tubing dans le R\u00edo Celeste ! \t\t\t\t\t\t\t\t<\/div>\n\t\t\t\t<\/div>\n\t\t\t\t<div class=\"elementor-element elementor-element-7a3c392 elementor-widget elementor-widget-spacer\" data-id=\"7a3c392\" data-element_type=\"widget\" data-e-type=\"widget\" data-widget_type=\"spacer.default\">\n\t\t\t\t<div class=\"elementor-widget-container\">\n\t\t\t\t\t\t\t<div class=\"elementor-spacer\">\n\t\t\t<div class=\"elementor-spacer-inner\"><\/div>\n\t\t<\/div>\n\t\t\t\t\t\t<\/div>\n\t\t\t\t<\/div>\n\t\t\t\t<div class=\"elementor-element elementor-element-192897a elementor-widget elementor-widget-spacer\" data-id=\"192897a\" data-element_type=\"widget\" data-e-type=\"widget\" data-widget_type=\"spacer.default\">\n\t\t\t\t<div class=\"elementor-widget-container\">\n\t\t\t\t\t\t\t<div class=\"elementor-spacer\">\n\t\t\t<div class=\"elementor-spacer-inner\"><\/div>\n\t\t<\/div>\n\t\t\t\t\t\t<\/div>\n\t\t\t\t<\/div>\n\t\t\t\t\t<\/div>\n\t\t\t\t<\/div>\n\t\t\t\t<\/div>\n\t\t","protected":false},"excerpt":{"rendered":"<p>Galerie Lib\u00e9rez votre esprit d&rsquo;aventure : vivez le frisson des tubes Rio Celeste [foogallery id=\u00a0\u00bb5298&Prime;] Galerie de photos de Rio Celeste Costa Rica Photos captur\u00e9es par des experts Nos photos sont prises de mani\u00e8re experte et capturent la beaut\u00e9 unique [&hellip;]<\/p>\n","protected":false},"author":1,"featured_media":6299,"parent":0,"menu_order":0,"comment_status":"closed","ping_status":"closed","template":"elementor_header_footer","meta":{"footnotes":""},"class_list":["post-6618","page","type-page","status-publish","has-post-thumbnail","hentry","travel-monster-post","latest_post"],"_links":{"self":[{"href":"https:\/\/riocelesteaventuras.com\/fr\/wp-json\/wp\/v2\/pages\/6618","targetHints":{"allow":["GET"]}}],"collection":[{"href":"https:\/\/riocelesteaventuras.com\/fr\/wp-json\/wp\/v2\/pages"}],"about":[{"href":"https:\/\/riocelesteaventuras.com\/fr\/wp-json\/wp\/v2\/types\/page"}],"author":[{"embeddable":true,"href":"https:\/\/riocelesteaventuras.com\/fr\/wp-json\/wp\/v2\/users\/1"}],"replies":[{"embeddable":true,"href":"https:\/\/riocelesteaventuras.com\/fr\/wp-json\/wp\/v2\/comments?post=6618"}],"version-history":[{"count":0,"href":"https:\/\/riocelesteaventuras.com\/fr\/wp-json\/wp\/v2\/pages\/6618\/revisions"}],"wp:featuredmedia":[{"embeddable":true,"href":"https:\/\/riocelesteaventuras.com\/fr\/wp-json\/wp\/v2\/media\/6299"}],"wp:attachment":[{"href":"https:\/\/riocelesteaventuras.com\/fr\/wp-json\/wp\/v2\/media?parent=6618"}],"curies":[{"name":"wp","href":"https:\/\/api.w.org\/{rel}","templated":true}]}}