{"id":6613,"date":"2024-11-22T11:26:10","date_gmt":"2024-11-22T11:26:10","guid":{"rendered":"https:\/\/riocelesteaventuras.com\/emplacement\/"},"modified":"2025-09-29T10:57:43","modified_gmt":"2025-09-29T10:57:43","slug":"emplacement","status":"publish","type":"page","link":"https:\/\/riocelesteaventuras.com\/fr\/emplacement\/","title":{"rendered":"Emplacement"},"content":{"rendered":"\t\t<div data-elementor-type=\"wp-page\" data-elementor-id=\"6613\" class=\"elementor elementor-6613 elementor-5881\" data-elementor-post-type=\"page\">\n\t\t\t\t\t\t<section class=\"elementor-section elementor-top-section elementor-element elementor-element-a1aacd6 elementor-section-boxed elementor-section-height-default elementor-section-height-default\" data-id=\"a1aacd6\" data-element_type=\"section\" data-e-type=\"section\" data-settings=\"{&quot;background_background&quot;:&quot;classic&quot;}\">\n\t\t\t\t\t\t\t<div class=\"elementor-background-overlay\"><\/div>\n\t\t\t\t\t\t\t<div class=\"elementor-container elementor-column-gap-default\">\n\t\t\t\t\t<div class=\"elementor-column elementor-col-100 elementor-top-column elementor-element elementor-element-b13de18\" data-id=\"b13de18\" data-element_type=\"column\" data-e-type=\"column\">\n\t\t\t<div class=\"elementor-widget-wrap elementor-element-populated\">\n\t\t\t\t\t\t<div class=\"elementor-element elementor-element-41ea166 elementor-widget elementor-widget-heading\" data-id=\"41ea166\" data-element_type=\"widget\" data-e-type=\"widget\" data-widget_type=\"heading.default\">\n\t\t\t\t<div class=\"elementor-widget-container\">\n\t\t\t\t\t<h1 class=\"elementor-heading-title elementor-size-default\">Emplacement<\/h1>\t\t\t\t<\/div>\n\t\t\t\t<\/div>\n\t\t\t\t\t<\/div>\n\t\t<\/div>\n\t\t\t\t\t<\/div>\n\t\t<\/section>\n\t\t<div class=\"elementor-element elementor-element-590fc31 e-flex e-con-boxed e-con e-parent\" data-id=\"590fc31\" data-element_type=\"container\" data-e-type=\"container\">\n\t\t\t\t\t<div class=\"e-con-inner\">\n\t\t<div class=\"elementor-element elementor-element-f95dd27 e-con-full e-flex e-con e-child\" data-id=\"f95dd27\" data-element_type=\"container\" data-e-type=\"container\">\n\t\t\t\t<div class=\"elementor-element elementor-element-19c4cb8 elementor-widget elementor-widget-text-editor\" data-id=\"19c4cb8\" data-element_type=\"widget\" data-e-type=\"widget\" data-widget_type=\"text-editor.default\">\n\t\t\t\t<div class=\"elementor-widget-container\">\n\t\t\t\t\t\t\t\t\t<p>D\u00e9couvrez le site enchanteur <br>Rio Celeste Costa Rica Carte pour une aventure m\u00e9morable<\/p>\t\t\t\t\t\t\t\t<\/div>\n\t\t\t\t<\/div>\n\t\t\t\t<div class=\"elementor-element elementor-element-767fbb2 elementor-widget elementor-widget-text-editor\" data-id=\"767fbb2\" data-element_type=\"widget\" data-e-type=\"widget\" data-widget_type=\"text-editor.default\">\n\t\t\t\t<div class=\"elementor-widget-container\">\n\t\t\t\t\t\t\t\t\t<p>D\u00e9voilement des merveilles majestueuses du Rio Celeste avec nos activit\u00e9s palpitantes<\/p>\t\t\t\t\t\t\t\t<\/div>\n\t\t\t\t<\/div>\n\t\t\t\t<\/div>\n\t\t\t\t\t<\/div>\n\t\t\t\t<\/div>\n\t\t<div class=\"elementor-element elementor-element-e1add4d e-flex e-con-boxed e-con e-parent\" data-id=\"e1add4d\" data-element_type=\"container\" data-e-type=\"container\" data-settings=\"{&quot;background_background&quot;:&quot;classic&quot;}\">\n\t\t\t\t\t<div class=\"e-con-inner\">\n\t\t<div class=\"elementor-element elementor-element-4ded0a9 e-con-full e-flex e-con e-child\" data-id=\"4ded0a9\" data-element_type=\"container\" data-e-type=\"container\">\n\t\t\t\t<div class=\"elementor-element elementor-element-c0e2c92 elementor-widget elementor-widget-text-editor\" data-id=\"c0e2c92\" data-element_type=\"widget\" data-e-type=\"widget\" data-widget_type=\"text-editor.default\">\n\t\t\t\t<div class=\"elementor-widget-container\">\n\t\t\t\t\t\t\t\t\t<p><iframe style=\"border: 0;\" src=\"https:\/\/www.google.com\/maps\/embed?pb=!1m18!1m12!1m3!1d3920.1315472053197!2d-84.91676178576473!3d10.72433576308689!2m3!1f0!2f0!3f0!3m2!1i1024!2i768!4f13.1!3m3!1m2!1s0x8fa0f9f828ab94c1%3A0x6f66b1e0902fe4d4!2sRio+Celeste+Aventuras!5e0!3m2!1sen!2scr!4v1558376041980!5m2!1sen!2scr\" width=\"100%\" height=\"450\" frameborder=\"0\" allowfullscreen=\"allowfullscreen\"><span style=\"display: inline-block; width: 0px; overflow: hidden; line-height: 0;\" data-mce-type=\"bookmark\" class=\"mce_SELRES_start\"><\/span><\/iframe><\/p>\t\t\t\t\t\t\t\t<\/div>\n\t\t\t\t<\/div>\n\t\t\t\t<\/div>\n\t\t<div class=\"elementor-element elementor-element-1463508 e-con-full e-flex e-con e-child\" data-id=\"1463508\" data-element_type=\"container\" data-e-type=\"container\">\n\t\t\t\t<div class=\"elementor-element elementor-element-e7bfad1 elementor-widget elementor-widget-text-editor\" data-id=\"e7bfad1\" data-element_type=\"widget\" data-e-type=\"widget\" data-widget_type=\"text-editor.default\">\n\t\t\t\t<div class=\"elementor-widget-container\">\n\t\t\t\t\t\t\t\t\t<p><span style=\"color: #3c9415;\"><strong>Embarquez pour une aventure inoubliable en d\u00e9couvrant la beaut\u00e9 naturelle du Rio Celeste, l&rsquo;un des tr\u00e9sors les plus \u00e9tonnants du Costa Rica.<\/strong><\/span><\/p><p>Notre bureau id\u00e9alement situ\u00e9 pr\u00e8s de l\u2019entr\u00e9e du parc national Tenorio constitue le point de d\u00e9part id\u00e9al pour votre exploration. Avec la carte du Rio Celeste Costa Rica en main, vous pourrez facilement vous frayer un chemin vers ce lieu magique.<\/p><h3>Id\u00e9alement situ\u00e9 pour un acc\u00e8s facile \u00e0 Rio Celeste<\/h3><p><strong><span style=\"color: #3c9415;\">Notre bureau se trouve \u00e0 seulement 20 minutes en voiture de la magnifique chute du Rio Celeste et la rivi\u00e8re bleue traverse notre propri\u00e9t\u00e9, offrant un acc\u00e8s facile \u00e0 cette attraction \u00e0 couper le souffle.<\/span> <\/strong><\/p><p>Nos activit\u00e9s passionnantes sont con\u00e7ues pour vous aider \u00e0 d\u00e9couvrir pleinement la beaut\u00e9 naturelle du Rio Celeste, des randonn\u00e9es guid\u00e9es aux aventures en tubing qui vous m\u00e8neront \u00e0 travers les magnifiques paysages et cascades du parc national du volcan Tenorio. <a href=\"https:\/\/es.wikipedia.org\/wiki\/R%C3%ADo_Celeste\" target=\"_blank\" rel=\"noopener\">EMPLACEMENT DE LA CASCADE DE RIO CELESTE<\/a><\/p>\t\t\t\t\t\t\t\t<\/div>\n\t\t\t\t<\/div>\n\t\t\t\t<\/div>\n\t\t\t\t\t<\/div>\n\t\t\t\t<\/div>\n\t\t<div class=\"elementor-element elementor-element-9749a87 e-flex e-con-boxed e-con e-parent\" data-id=\"9749a87\" data-element_type=\"container\" data-e-type=\"container\">\n\t\t\t\t\t<div class=\"e-con-inner\">\n\t\t\t\t<div class=\"elementor-element elementor-element-d56c100 elementor-widget elementor-widget-text-editor\" data-id=\"d56c100\" data-element_type=\"widget\" data-e-type=\"widget\" data-widget_type=\"text-editor.default\">\n\t\t\t\t<div class=\"elementor-widget-container\">\n\t\t\t\t\t\t\t\t\t<h3>Explorez Rio Celeste par vous-m\u00eame avec une randonn\u00e9e autoguid\u00e9e<\/h3><p>Pour ceux qui pr\u00e9f\u00e8rent explorer par eux-m\u00eames, des randonn\u00e9es autoguid\u00e9es commencent directement au parc national Tenorio. Gr\u00e2ce \u00e0 la carte de Rio Celeste Costa Rica, vous pouvez facilement vous diriger vers l&rsquo;entr\u00e9e du parc, o\u00f9 vous pourrez acheter des billets le jour de l&rsquo;activit\u00e9. La randonn\u00e9e vous fait traverser le parc national, o\u00f9 vous pourrez \u00e9galement voir l&rsquo;impressionnante cascade de la rivi\u00e8re bleue et toutes les attractions naturelles que le parc Tenorio a \u00e0 offrir.<\/p><h3>D\u00e9couvrez la magie de la randonn\u00e9e \u00e0 Rio Celeste aujourd&rsquo;hui<\/h3><p>Gr\u00e2ce \u00e0 notre emplacement id\u00e9al et \u00e0 nos activit\u00e9s passionnantes, il n&rsquo;y a pas de meilleure fa\u00e7on d&rsquo;explorer les merveilles naturelles du Rio Celeste. <a href=\"https:\/\/riocelesteaventuras.com\/fr\/contactez-nous\/\">Contactez-nous<\/a> d\u00e8s aujourd&rsquo;hui pour r\u00e9server votre aventure et commencer votre voyage vers ce lieu magique. <a href=\"https:\/\/maps.app.goo.gl\/K5ppiSi5bQeaAyzT6?g_st=ipc\" target=\"_blank\" rel=\"noopener\">CARTES GOOGLE DE RIO C\u00c9LESTE<\/a><\/p>\t\t\t\t\t\t\t\t<\/div>\n\t\t\t\t<\/div>\n\t\t\t\t\t<\/div>\n\t\t\t\t<\/div>\n\t\t\t\t<\/div>\n\t\t","protected":false},"excerpt":{"rendered":"<p>Emplacement D\u00e9couvrez le site enchanteur Rio Celeste Costa Rica Carte pour une aventure m\u00e9morable D\u00e9voilement des merveilles majestueuses du Rio Celeste avec nos activit\u00e9s palpitantes Embarquez pour une aventure inoubliable en d\u00e9couvrant la beaut\u00e9 naturelle du Rio Celeste, l&rsquo;un des [&hellip;]<\/p>\n","protected":false},"author":1,"featured_media":0,"parent":0,"menu_order":0,"comment_status":"closed","ping_status":"closed","template":"elementor_header_footer","meta":{"footnotes":""},"class_list":["post-6613","page","type-page","status-publish","hentry","travel-monster-post","no-post-thumbnail","latest_post"],"_links":{"self":[{"href":"https:\/\/riocelesteaventuras.com\/fr\/wp-json\/wp\/v2\/pages\/6613","targetHints":{"allow":["GET"]}}],"collection":[{"href":"https:\/\/riocelesteaventuras.com\/fr\/wp-json\/wp\/v2\/pages"}],"about":[{"href":"https:\/\/riocelesteaventuras.com\/fr\/wp-json\/wp\/v2\/types\/page"}],"author":[{"embeddable":true,"href":"https:\/\/riocelesteaventuras.com\/fr\/wp-json\/wp\/v2\/users\/1"}],"replies":[{"embeddable":true,"href":"https:\/\/riocelesteaventuras.com\/fr\/wp-json\/wp\/v2\/comments?post=6613"}],"version-history":[{"count":0,"href":"https:\/\/riocelesteaventuras.com\/fr\/wp-json\/wp\/v2\/pages\/6613\/revisions"}],"wp:attachment":[{"href":"https:\/\/riocelesteaventuras.com\/fr\/wp-json\/wp\/v2\/media?parent=6613"}],"curies":[{"name":"wp","href":"https:\/\/api.w.org\/{rel}","templated":true}]}}