{"id":6829,"date":"2024-11-22T06:55:06","date_gmt":"2024-11-22T06:55:06","guid":{"rendered":"https:\/\/riocelesteaventuras.com\/politica-de-privacidad\/"},"modified":"2025-09-27T10:09:48","modified_gmt":"2025-09-27T10:09:48","slug":"politica-de-privacidad","status":"publish","type":"page","link":"https:\/\/riocelesteaventuras.com\/es\/politica-de-privacidad\/","title":{"rendered":"Pol\u00edtica de privacidad"},"content":{"rendered":"\t\t<div data-elementor-type=\"wp-page\" data-elementor-id=\"6829\" class=\"elementor elementor-6829 elementor-5823\" data-elementor-post-type=\"page\">\n\t\t\t\t\t\t<section class=\"elementor-section elementor-top-section elementor-element elementor-element-b5b4eca elementor-section-boxed elementor-section-height-default elementor-section-height-default\" data-id=\"b5b4eca\" data-element_type=\"section\" data-e-type=\"section\" data-settings=\"{&quot;background_background&quot;:&quot;classic&quot;}\">\n\t\t\t\t\t\t\t<div class=\"elementor-background-overlay\"><\/div>\n\t\t\t\t\t\t\t<div class=\"elementor-container elementor-column-gap-default\">\n\t\t\t\t\t<div class=\"elementor-column elementor-col-100 elementor-top-column elementor-element elementor-element-eadb16c\" data-id=\"eadb16c\" data-element_type=\"column\" data-e-type=\"column\">\n\t\t\t<div class=\"elementor-widget-wrap elementor-element-populated\">\n\t\t\t\t\t\t<div class=\"elementor-element elementor-element-01a9f5f elementor-widget elementor-widget-heading\" data-id=\"01a9f5f\" data-element_type=\"widget\" data-e-type=\"widget\" data-widget_type=\"heading.default\">\n\t\t\t\t<div class=\"elementor-widget-container\">\n\t\t\t\t\t<h1 class=\"elementor-heading-title elementor-size-default\">Pol\u00edtica de privacidad<\/h1>\t\t\t\t<\/div>\n\t\t\t\t<\/div>\n\t\t\t\t\t<\/div>\n\t\t<\/div>\n\t\t\t\t\t<\/div>\n\t\t<\/section>\n\t\t<div class=\"elementor-element elementor-element-828db44 e-flex e-con-boxed e-con e-parent\" data-id=\"828db44\" data-element_type=\"container\" data-e-type=\"container\">\n\t\t\t\t\t<div class=\"e-con-inner\">\n\t\t<div class=\"elementor-element elementor-element-6e43fdc e-con-full e-flex e-con e-child\" data-id=\"6e43fdc\" data-element_type=\"container\" data-e-type=\"container\">\n\t\t\t\t<div class=\"elementor-element elementor-element-6d9ae65 elementor-widget elementor-widget-text-editor\" data-id=\"6d9ae65\" data-element_type=\"widget\" data-e-type=\"widget\" data-widget_type=\"text-editor.default\">\n\t\t\t\t<div class=\"elementor-widget-container\">\n\t\t\t\t\t\t\t\t\t<h2>Pol\u00edtica de privacidad de Rio Celeste Adventures<\/h2>\n<h3>Fecha de vigencia: 2013<\/h3>\n<p>En R\u00edo Celeste Aventuras, valoramos y respetamos tu privacidad. Esta Pol\u00edtica de Privacidad describe c\u00f3mo recogemos, utilizamos y protegemos tus datos personales. <\/p>\n<h3>Recogida de informaci\u00f3n<\/h3>\n<p>Recogemos la informaci\u00f3n personal que nos proporcionas al reservar viajes o al comunicarte con nosotros. Esto puede incluir tu nombre, direcci\u00f3n de correo electr\u00f3nico, n\u00famero de tel\u00e9fono y otra informaci\u00f3n relevante para tu reserva. <\/p>\n<p>Adem\u00e1s, nuestro sitio web puede recoger informaci\u00f3n t\u00e9cnica, como direcciones IP, cookies y datos de navegaci\u00f3n, para mejorar la experiencia del usuario y garantizar la seguridad del sitio.<\/p>\n<h3>Uso de la informaci\u00f3n<\/h3>\n<p>Utilizamos la informaci\u00f3n personal que recogemos para los siguientes fines:<\/p>\n<ul>\n<li>Tramita las reservas y los pagos.<\/li>\n<li>Enviarte confirmaciones y detalles de la reserva.<\/li>\n<li>Proporcionar informaci\u00f3n sobre nuestros recorridos y servicios.<\/li>\n<li>Responder a tus consultas y peticiones.<\/li>\n<li>Mejorar nuestro sitio web y nuestros servicios.<\/li>\n<\/ul>\n<h3>Protecci\u00f3n de datos personales<\/h3>\n<p>Tomamos medidas para proteger tus datos personales y garantizar que se tratan de forma segura. No compartiremos tu informaci\u00f3n con terceros, excepto cuando sea necesario para cumplir con tu reserva o debido a una obligaci\u00f3n legal. <\/p>\n<h3>Cookies y an\u00e1lisis del sitio web<\/h3>\n<p>Utilizamos cookies y herramientas de an\u00e1lisis web para recopilar informaci\u00f3n sobre c\u00f3mo utilizan los visitantes nuestro sitio web. Esta informaci\u00f3n nos ayuda a mejorar nuestro sitio y a proporcionar contenido relevante. <\/p>\n<h3>Derechos del usuario<\/h3>\n<p>Tienes derecho a acceder, rectificar, suprimir o limitar el tratamiento de tus datos personales. Si deseas ejercer estos derechos o tienes alguna pregunta o duda, no dudes en ponerte en contacto con nosotros en la siguiente direcci\u00f3n de correo electr\u00f3nico: <a href=\"mailto:info@riocelesteaventuras.com\">info@riocelesteaventuras.com<\/a>. <\/p>\n<h3>Cambios en la Pol\u00edtica de Privacidad<\/h3>\n<p>Aunque nuestra Pol\u00edtica de Privacidad est\u00e1 en vigor desde 2013, podemos realizar actualizaciones peri\u00f3dicas. Cualquier cambio se publicar\u00e1 en esta p\u00e1gina con la fecha correspondiente. <\/p>\n<h3>Contacto<\/h3>\n<p>Si tienes alguna pregunta o duda sobre esta Pol\u00edtica de privacidad o sobre tus datos personales, no dudes en ponerte en contacto con nosotros en la direcci\u00f3n de correo electr\u00f3nico indicada anteriormente.<\/p>\t\t\t\t\t\t\t\t<\/div>\n\t\t\t\t<\/div>\n\t\t\t\t<\/div>\n\t\t\t\t\t<\/div>\n\t\t\t\t<\/div>\n\t\t\t\t<\/div>\n\t\t","protected":false},"excerpt":{"rendered":"<p>Pol\u00edtica de privacidad Pol\u00edtica de privacidad de Rio Celeste Adventures Fecha de vigencia: 2013 En R\u00edo Celeste Aventuras, valoramos y respetamos tu privacidad. Esta Pol\u00edtica de Privacidad describe c\u00f3mo recogemos, utilizamos y protegemos tus datos personales. Recogida de informaci\u00f3n Recogemos [&hellip;]<\/p>\n","protected":false},"author":1,"featured_media":0,"parent":0,"menu_order":0,"comment_status":"closed","ping_status":"closed","template":"elementor_header_footer","meta":{"footnotes":""},"class_list":["post-6829","page","type-page","status-publish","hentry","travel-monster-post","no-post-thumbnail","latest_post"],"_links":{"self":[{"href":"https:\/\/riocelesteaventuras.com\/es\/wp-json\/wp\/v2\/pages\/6829","targetHints":{"allow":["GET"]}}],"collection":[{"href":"https:\/\/riocelesteaventuras.com\/es\/wp-json\/wp\/v2\/pages"}],"about":[{"href":"https:\/\/riocelesteaventuras.com\/es\/wp-json\/wp\/v2\/types\/page"}],"author":[{"embeddable":true,"href":"https:\/\/riocelesteaventuras.com\/es\/wp-json\/wp\/v2\/users\/1"}],"replies":[{"embeddable":true,"href":"https:\/\/riocelesteaventuras.com\/es\/wp-json\/wp\/v2\/comments?post=6829"}],"version-history":[{"count":0,"href":"https:\/\/riocelesteaventuras.com\/es\/wp-json\/wp\/v2\/pages\/6829\/revisions"}],"wp:attachment":[{"href":"https:\/\/riocelesteaventuras.com\/es\/wp-json\/wp\/v2\/media?parent=6829"}],"curies":[{"name":"wp","href":"https:\/\/api.w.org\/{rel}","templated":true}]}}