{"id":6715,"date":"2024-09-12T12:27:46","date_gmt":"2024-09-12T12:27:46","guid":{"rendered":"https:\/\/riocelesteaventuras.com\/terminos-y-condiciones\/"},"modified":"2025-09-27T10:10:09","modified_gmt":"2025-09-27T10:10:09","slug":"terminos-y-condiciones","status":"publish","type":"page","link":"https:\/\/riocelesteaventuras.com\/es\/terminos-y-condiciones\/","title":{"rendered":"T\u00e9rminos y condiciones"},"content":{"rendered":"\t\t<div data-elementor-type=\"wp-page\" data-elementor-id=\"6715\" class=\"elementor elementor-6715 elementor-16\" data-elementor-post-type=\"page\">\n\t\t\t\t\t\t<section class=\"elementor-section elementor-top-section elementor-element elementor-element-b6c83be elementor-section-boxed elementor-section-height-default elementor-section-height-default\" data-id=\"b6c83be\" data-element_type=\"section\" data-e-type=\"section\" data-settings=\"{&quot;background_background&quot;:&quot;classic&quot;}\">\n\t\t\t\t\t\t\t<div class=\"elementor-background-overlay\"><\/div>\n\t\t\t\t\t\t\t<div class=\"elementor-container elementor-column-gap-default\">\n\t\t\t\t\t<div class=\"elementor-column elementor-col-100 elementor-top-column elementor-element elementor-element-a97a12a\" data-id=\"a97a12a\" data-element_type=\"column\" data-e-type=\"column\">\n\t\t\t<div class=\"elementor-widget-wrap elementor-element-populated\">\n\t\t\t\t\t\t<div class=\"elementor-element elementor-element-6e5e40b elementor-widget elementor-widget-heading\" data-id=\"6e5e40b\" data-element_type=\"widget\" data-e-type=\"widget\" data-widget_type=\"heading.default\">\n\t\t\t\t<div class=\"elementor-widget-container\">\n\t\t\t\t\t<h1 class=\"elementor-heading-title elementor-size-default\">T\u00e9rminos y condiciones<\/h1>\t\t\t\t<\/div>\n\t\t\t\t<\/div>\n\t\t\t\t\t<\/div>\n\t\t<\/div>\n\t\t\t\t\t<\/div>\n\t\t<\/section>\n\t\t<div class=\"elementor-element elementor-element-448dc06 e-flex e-con-boxed e-con e-parent\" data-id=\"448dc06\" data-element_type=\"container\" data-e-type=\"container\">\n\t\t\t\t\t<div class=\"e-con-inner\">\n\t\t<div class=\"elementor-element elementor-element-cb398f9 e-con-full e-flex e-con e-child\" data-id=\"cb398f9\" data-element_type=\"container\" data-e-type=\"container\">\n\t\t\t\t<div class=\"elementor-element elementor-element-bd2dd3a elementor-widget elementor-widget-text-editor\" data-id=\"bd2dd3a\" data-element_type=\"widget\" data-e-type=\"widget\" data-widget_type=\"text-editor.default\">\n\t\t\t\t<div class=\"elementor-widget-container\">\n\t\t\t\t\t\t\t\t\t<h2>T\u00e9rminos y Condiciones de R\u00edo Celeste Aventuras<\/h2><h3>Fecha de vigencia: 2013<\/h3><p>Al utilizar los servicios de Rio Celeste Aventuras para su <em>viaje de senderismo<\/em> y <em>observaci\u00f3n de aves en Costa Rica<\/em>, usted acepta cumplir con estos t\u00e9rminos y condiciones.\nNos reservamos el derecho de rechazar o cancelar reservas en caso de incumplimiento de estos t\u00e9rminos, incluido el suministro de informaci\u00f3n precisa para sus <em>mejores caminatas en Costa Rica<\/em>. <\/p><h3>Pol\u00edtica de cancelaci\u00f3n y reembolso<\/h3><p>&#8211; Consulta nuestra pol\u00edtica de cancelaci\u00f3n y reembolso para obtener informaci\u00f3n detallada sobre la <em>gu\u00eda de fauna de Costa Rica<\/em>.\nLas cancelaciones pueden estar sujetas a cargos. <\/p><h3>Derechos de autor y propiedad intelectual<\/h3><p>&#8211; El contenido de este sitio web, incluidas las im\u00e1genes y el texto, est\u00e1 protegido por derechos de autor.\nNo se permite el uso no autorizado de nuestro contenido, incluida nuestra <em>gu\u00eda de aves de Costa Rica<\/em>. <\/p><h3>Pol\u00edtica de privacidad<\/h3><p>&#8211; Tu uso de nuestros servicios est\u00e1 sujeto a nuestra Pol\u00edtica de Privacidad.\nConsulte la pol\u00edtica para obtener m\u00e1s informaci\u00f3n sobre su gu\u00eda de <em>vida silvestre de Costa Rica<\/em>. <\/p><h3>Descargo de responsabilidad<\/h3><p>&#8211; A pesar de nuestros esfuerzos por proporcionar informaci\u00f3n precisa, no garantizamos la exactitud de la informaci\u00f3n de nuestro sitio web para tus <em>mejores excursiones en Costa Rica<\/em>.\nUsted participa en nuestras actividades bajo su propia responsabilidad, incluida la <em>observaci\u00f3n de aves en Costa Rica<\/em>. <\/p><h3>Cambios a los T\u00e9rminos y Condiciones<\/h3><p>&#8211; Nos reservamos el derecho a actualizar o modificar estas Condiciones en cualquier momento.\nLos cambios entrar\u00e1n en vigor a partir de la fecha de entrada en vigor especificada. <\/p><h3>Contacto<\/h3><p>Si tiene alguna pregunta o inquietud sobre estos T\u00e9rminos y condiciones, no dude en <a href=\"mailto:info@riocelesteaventuras.com\">contactarnos<\/a> para obtener m\u00e1s informaci\u00f3n sobre su <em>gu\u00eda de aves de Costa Rica<\/em>.<\/p><hr><p>Experimenta las maravillas de<\/p><p><strong>Gu\u00eda de la fauna de Costa Rica<\/strong> y <strong>viaje de senderismo<\/strong> por <strong>Costa Rica<\/strong> en el Parque Nacional Tenorio. Sum\u00e9rgete en la impresionante belleza del R\u00edo Celeste durante tu aventura de <strong>observaci\u00f3n de aves en Costa Rica<\/strong>.  \u00a1Descubre la magia de estos destinos en tu pr\u00f3ximo viaje!<\/p>\t\t\t\t\t\t\t\t<\/div>\n\t\t\t\t<\/div>\n\t\t\t\t<\/div>\n\t\t\t\t\t<\/div>\n\t\t\t\t<\/div>\n\t\t\t\t<\/div>\n\t\t","protected":false},"excerpt":{"rendered":"<p>T\u00e9rminos y condiciones T\u00e9rminos y Condiciones de R\u00edo Celeste Aventuras Fecha de vigencia: 2013 Al utilizar los servicios de Rio Celeste Aventuras para su viaje de senderismo y observaci\u00f3n de aves en Costa Rica, usted acepta cumplir con estos t\u00e9rminos [&hellip;]<\/p>\n","protected":false},"author":1,"featured_media":0,"parent":0,"menu_order":0,"comment_status":"closed","ping_status":"closed","template":"elementor_header_footer","meta":{"footnotes":""},"class_list":["post-6715","page","type-page","status-publish","hentry","travel-monster-post","no-post-thumbnail","latest_post"],"_links":{"self":[{"href":"https:\/\/riocelesteaventuras.com\/es\/wp-json\/wp\/v2\/pages\/6715","targetHints":{"allow":["GET"]}}],"collection":[{"href":"https:\/\/riocelesteaventuras.com\/es\/wp-json\/wp\/v2\/pages"}],"about":[{"href":"https:\/\/riocelesteaventuras.com\/es\/wp-json\/wp\/v2\/types\/page"}],"author":[{"embeddable":true,"href":"https:\/\/riocelesteaventuras.com\/es\/wp-json\/wp\/v2\/users\/1"}],"replies":[{"embeddable":true,"href":"https:\/\/riocelesteaventuras.com\/es\/wp-json\/wp\/v2\/comments?post=6715"}],"version-history":[{"count":0,"href":"https:\/\/riocelesteaventuras.com\/es\/wp-json\/wp\/v2\/pages\/6715\/revisions"}],"wp:attachment":[{"href":"https:\/\/riocelesteaventuras.com\/es\/wp-json\/wp\/v2\/media?parent=6715"}],"curies":[{"name":"wp","href":"https:\/\/api.w.org\/{rel}","templated":true}]}}