{"id":6662,"date":"2022-03-18T07:06:48","date_gmt":"2022-03-18T07:06:48","guid":{"rendered":"https:\/\/riocelesteaventuras.com\/sobre-nosotros\/"},"modified":"2025-09-27T01:41:56","modified_gmt":"2025-09-27T01:41:56","slug":"sobre-nosotros","status":"publish","type":"page","link":"https:\/\/riocelesteaventuras.com\/es\/sobre-nosotros\/","title":{"rendered":"Sobre nosotros"},"content":{"rendered":"\t\t<div data-elementor-type=\"wp-page\" data-elementor-id=\"6662\" class=\"elementor elementor-6662 elementor-2553\" data-elementor-post-type=\"page\">\n\t\t\t\t\t\t<section class=\"elementor-section elementor-top-section elementor-element elementor-element-7f56421 elementor-section-boxed elementor-section-height-default elementor-section-height-default\" data-id=\"7f56421\" data-element_type=\"section\" data-e-type=\"section\" data-settings=\"{&quot;background_background&quot;:&quot;classic&quot;}\">\n\t\t\t\t\t\t\t<div class=\"elementor-background-overlay\"><\/div>\n\t\t\t\t\t\t\t<div class=\"elementor-container elementor-column-gap-default\">\n\t\t\t\t\t<div class=\"elementor-column elementor-col-100 elementor-top-column elementor-element elementor-element-393ae57\" data-id=\"393ae57\" data-element_type=\"column\" data-e-type=\"column\">\n\t\t\t<div class=\"elementor-widget-wrap elementor-element-populated\">\n\t\t\t\t\t\t<div class=\"elementor-element elementor-element-410bde0 elementor-widget elementor-widget-heading\" data-id=\"410bde0\" data-element_type=\"widget\" data-e-type=\"widget\" data-widget_type=\"heading.default\">\n\t\t\t\t<div class=\"elementor-widget-container\">\n\t\t\t\t\t<h1 class=\"elementor-heading-title elementor-size-default\">Sobre R\u00edo Celeste Aventuras<\/h1>\t\t\t\t<\/div>\n\t\t\t\t<\/div>\n\t\t\t\t\t<\/div>\n\t\t<\/div>\n\t\t\t\t\t<\/div>\n\t\t<\/section>\n\t\t<div class=\"elementor-element elementor-element-9537b2e e-flex e-con-boxed e-con e-parent\" data-id=\"9537b2e\" data-element_type=\"container\" data-e-type=\"container\">\n\t\t\t\t\t<div class=\"e-con-inner\">\n\t\t<div class=\"elementor-element elementor-element-9e2539c e-con-full e-flex e-con e-child\" data-id=\"9e2539c\" data-element_type=\"container\" data-e-type=\"container\">\n\t\t\t\t<div class=\"elementor-element elementor-element-55c6770 elementor-widget elementor-widget-image\" data-id=\"55c6770\" data-element_type=\"widget\" data-e-type=\"widget\" data-widget_type=\"image.default\">\n\t\t\t\t<div class=\"elementor-widget-container\">\n\t\t\t\t\t\t\t\t\t\t\t\t\t\t\t<img fetchpriority=\"high\" decoding=\"async\" width=\"794\" height=\"767\" src=\"https:\/\/riocelesteaventuras.com\/wp-content\/uploads\/2024\/11\/waterfall-rio-celestxe-hike.jpg\" class=\"attachment-full size-full wp-image-6352\" alt=\"\" srcset=\"https:\/\/riocelesteaventuras.com\/wp-content\/uploads\/2024\/11\/waterfall-rio-celestxe-hike.jpg 794w, https:\/\/riocelesteaventuras.com\/wp-content\/uploads\/2024\/11\/waterfall-rio-celestxe-hike-300x290.jpg 300w, https:\/\/riocelesteaventuras.com\/wp-content\/uploads\/2024\/11\/waterfall-rio-celestxe-hike-768x742.jpg 768w, https:\/\/riocelesteaventuras.com\/wp-content\/uploads\/2024\/11\/waterfall-rio-celestxe-hike-600x580.jpg 600w\" sizes=\"(max-width: 794px) 100vw, 794px\" \/>\t\t\t\t\t\t\t\t\t\t\t\t\t\t\t<\/div>\n\t\t\t\t<\/div>\n\t\t\t\t<\/div>\n\t\t<div class=\"elementor-element elementor-element-979206c e-con-full e-flex e-con e-child\" data-id=\"979206c\" data-element_type=\"container\" data-e-type=\"container\">\n\t\t\t\t<div class=\"elementor-element elementor-element-e777822 elementor-widget elementor-widget-text-editor\" data-id=\"e777822\" data-element_type=\"widget\" data-e-type=\"widget\" data-widget_type=\"text-editor.default\">\n\t\t\t\t<div class=\"elementor-widget-container\">\n\t\t\t\t\t\t\t\t\t<h2>Nuestra historia: M\u00e1s que un simple recorrido<\/h2><p>R\u00edo Celeste Aventuras naci\u00f3 en 2015 de una simple idea de un apasionado fundador local. El sue\u00f1o no era s\u00f3lo poner en marcha un negocio, sino compartir las incre\u00edbles maravillas ocultas de nuestro hogar local con visitantes de todo el mundo. <\/p><p>En los \u00faltimos 10 a\u00f1os, hemos crecido a partir de ese simple sue\u00f1o hasta convertirnos en el equipo de gu\u00edas expertos m\u00e1s fiable de la regi\u00f3n, pero nuestra pasi\u00f3n original por la aventura aut\u00e9ntica y un profundo respeto por la naturaleza siguen estando en el centro de todo lo que hacemos.<\/p>\t\t\t\t\t\t\t\t<\/div>\n\t\t\t\t<\/div>\n\t\t\t\t<\/div>\n\t\t\t\t\t<\/div>\n\t\t\t\t<\/div>\n\t\t<div class=\"elementor-element elementor-element-8bbec9c e-flex e-con-boxed e-con e-parent\" data-id=\"8bbec9c\" data-element_type=\"container\" data-e-type=\"container\">\n\t\t\t\t\t<div class=\"e-con-inner\">\n\t\t\t\t<div class=\"elementor-element elementor-element-73ff3d3 elementor-widget__width-initial elementor-widget elementor-widget-text-editor\" data-id=\"73ff3d3\" data-element_type=\"widget\" data-e-type=\"widget\" data-widget_type=\"text-editor.default\">\n\t\t\t\t<div class=\"elementor-widget-container\">\n\t\t\t\t\t\t\t\t\t<h2>Conoce a nuestros gu\u00edas expertos<\/h2><p>Una aventura es tan buena como el gu\u00eda que la conduce. En un lugar tan m\u00e1gico como R\u00edo Celeste, cualquiera puede mostrarte el camino, pero s\u00f3lo un aut\u00e9ntico lugare\u00f1o puede mostrarte su alma. Estamos incre\u00edblemente orgullosos de que nuestro equipo est\u00e9 formado por estos expertos locales: el coraz\u00f3n y el esp\u00edritu de R\u00edo Celeste Aventuras. Se criaron con las historias del Volc\u00e1n Tenorio y conocen el r\u00edo no por los mapas, sino de memoria. Por ellos, nuestras excursiones son algo m\u00e1s que un viaje: son una conexi\u00f3n aut\u00e9ntica con la cultura, la naturaleza y la aut\u00e9ntica \u00abpura vida\u00bb de Costa Rica. He aqu\u00ed una breve presentaci\u00f3n de las personas que har\u00e1n que tu viaje sea inolvidable.     <\/p>\t\t\t\t\t\t\t\t<\/div>\n\t\t\t\t<\/div>\n\t\t\t\t\t<\/div>\n\t\t\t\t<\/div>\n\t\t<div class=\"elementor-element elementor-element-0cdcdec e-con-full e-flex e-con e-parent\" data-id=\"0cdcdec\" data-element_type=\"container\" data-e-type=\"container\">\n\t\t<div class=\"elementor-element elementor-element-1e9d635 e-con-full e-flex e-con e-child\" data-id=\"1e9d635\" data-element_type=\"container\" data-e-type=\"container\">\n\t\t\t\t<div class=\"elementor-element elementor-element-2f65a9b elementor-position-top elementor-widget elementor-widget-image-box\" data-id=\"2f65a9b\" data-element_type=\"widget\" data-e-type=\"widget\" data-widget_type=\"image-box.default\">\n\t\t\t\t<div class=\"elementor-widget-container\">\n\t\t\t\t\t<div class=\"elementor-image-box-wrapper\"><figure class=\"elementor-image-box-img\"><img decoding=\"async\" width=\"780\" height=\"520\" src=\"https:\/\/riocelesteaventuras.com\/wp-content\/uploads\/2025\/09\/moises-guide-rio-celeste-aventuras-1024x683.jpg\" class=\"attachment-large size-large wp-image-10103\" alt=\"moises guide adventure\" srcset=\"https:\/\/riocelesteaventuras.com\/wp-content\/uploads\/2025\/09\/moises-guide-rio-celeste-aventuras-1024x683.jpg 1024w, https:\/\/riocelesteaventuras.com\/wp-content\/uploads\/2025\/09\/moises-guide-rio-celeste-aventuras-300x200.jpg 300w, https:\/\/riocelesteaventuras.com\/wp-content\/uploads\/2025\/09\/moises-guide-rio-celeste-aventuras-768x512.jpg 768w, https:\/\/riocelesteaventuras.com\/wp-content\/uploads\/2025\/09\/moises-guide-rio-celeste-aventuras-1536x1024.jpg 1536w, https:\/\/riocelesteaventuras.com\/wp-content\/uploads\/2025\/09\/moises-guide-rio-celeste-aventuras-scaled.jpg 1800w\" sizes=\"(max-width: 780px) 100vw, 780px\" \/><\/figure><div class=\"elementor-image-box-content\"><h3 class=\"elementor-image-box-title\">Gerald - El arquitecto de tu aventura<\/h3><\/div><\/div>\t\t\t\t<\/div>\n\t\t\t\t<\/div>\n\t\t\t\t<div class=\"elementor-element elementor-element-4239056 elementor-widget elementor-widget-text-editor\" data-id=\"4239056\" data-element_type=\"widget\" data-e-type=\"widget\" data-widget_type=\"text-editor.default\">\n\t\t\t\t<div class=\"elementor-widget-container\">\n\t\t\t\t\t\t\t\t\t<p style=\"text-align: center;\"><a href=\"https:\/\/riocelesteaventuras.com\/es\/?p=10730\">Ver m\u00e1s<\/a><\/p>\t\t\t\t\t\t\t\t<\/div>\n\t\t\t\t<\/div>\n\t\t\t\t<\/div>\n\t\t<div class=\"elementor-element elementor-element-ed39edf e-con-full e-flex e-con e-child\" data-id=\"ed39edf\" data-element_type=\"container\" data-e-type=\"container\">\n\t\t\t\t<div class=\"elementor-element elementor-element-ffe5163 elementor-position-top elementor-widget elementor-widget-image-box\" data-id=\"ffe5163\" data-element_type=\"widget\" data-e-type=\"widget\" data-widget_type=\"image-box.default\">\n\t\t\t\t<div class=\"elementor-widget-container\">\n\t\t\t\t\t<div class=\"elementor-image-box-wrapper\"><figure class=\"elementor-image-box-img\"><a href=\"https:\/\/riocelesteaventuras.com\/es\/?p=10730\" tabindex=\"-1\"><img decoding=\"async\" width=\"780\" height=\"520\" src=\"https:\/\/riocelesteaventuras.com\/wp-content\/uploads\/2025\/09\/guide-nano-hernaldo-1024x683.jpg\" class=\"attachment-large size-large wp-image-10099\" alt=\"nano guide rio celesteaventuras\" srcset=\"https:\/\/riocelesteaventuras.com\/wp-content\/uploads\/2025\/09\/guide-nano-hernaldo-1024x683.jpg 1024w, https:\/\/riocelesteaventuras.com\/wp-content\/uploads\/2025\/09\/guide-nano-hernaldo-300x200.jpg 300w, https:\/\/riocelesteaventuras.com\/wp-content\/uploads\/2025\/09\/guide-nano-hernaldo-768x512.jpg 768w, https:\/\/riocelesteaventuras.com\/wp-content\/uploads\/2025\/09\/guide-nano-hernaldo-1536x1024.jpg 1536w, https:\/\/riocelesteaventuras.com\/wp-content\/uploads\/2025\/09\/guide-nano-hernaldo-scaled.jpg 1800w\" sizes=\"(max-width: 780px) 100vw, 780px\" \/><\/a><\/figure><div class=\"elementor-image-box-content\"><h3 class=\"elementor-image-box-title\"><a href=\"https:\/\/riocelesteaventuras.com\/es\/?p=10730\">Hernaldo \"Nano\" - El latido de la aventura<\/a><\/h3><\/div><\/div>\t\t\t\t<\/div>\n\t\t\t\t<\/div>\n\t\t\t\t<div class=\"elementor-element elementor-element-57c7c8e elementor-widget elementor-widget-text-editor\" data-id=\"57c7c8e\" data-element_type=\"widget\" data-e-type=\"widget\" data-widget_type=\"text-editor.default\">\n\t\t\t\t<div class=\"elementor-widget-container\">\n\t\t\t\t\t\t\t\t\t<p style=\"text-align: center;\"><a href=\"https:\/\/riocelesteaventuras.com\/es\/?p=10730\">Ver m\u00e1s<\/a><\/p>\t\t\t\t\t\t\t\t<\/div>\n\t\t\t\t<\/div>\n\t\t\t\t<\/div>\n\t\t\t\t<\/div>\n\t\t<div class=\"elementor-element elementor-element-d9b88aa e-flex e-con-boxed e-con e-parent\" data-id=\"d9b88aa\" data-element_type=\"container\" data-e-type=\"container\">\n\t\t\t\t\t<div class=\"e-con-inner\">\n\t\t\t\t<div class=\"elementor-element elementor-element-7cff870 elementor-widget elementor-widget-shortcode\" data-id=\"7cff870\" data-element_type=\"widget\" data-e-type=\"widget\" data-widget_type=\"shortcode.default\">\n\t\t\t\t<div class=\"elementor-widget-container\">\n\t\t\t\t\t\t\t<div class=\"elementor-shortcode\"><pre class=\"ti-widget\"><template id=\"trustindex-google-widget-html\"><div class=\" ti-widget  ti-goog ti-review-text-mode-readmore ti-text-align-left\" data-no-translation=\"true\" data-time-locale=\"%d %s ago|today|day|days|week|weeks|month|months|year|years\" data-plugin-version=\"13.2.8\" data-layout-id=\"107\" data-layout-category=\"badge\" data-set-id=\"light-minimal\" data-pid=\"\" data-language=\"en\" data-close-locale=\"Close\" data-css-version=\"2\" data-size=\"1\"> <div class=\"ti-widget-container\"> <a href=\"https:\/\/admin.trustindex.io\/api\/googleReview?place-id=ChIJwZSrKPj5oI8R1OQvkOCxZm8\" role=\"button\" target=\"_blank\" rel=\"noopener nofollow\" class=\"ti-footer ti-footer-grid source-Google\"> <div class=\"ti-fade-container\"> <div class=\"ti-rating-text\"> <strong class=\"ti-rating ti-rating-large\"> EXCELLENT <\/strong> <\/div> <span class=\"ti-stars star-lg\"><trustindex-image class=\"ti-star\" data-imgurl=\"https:\/\/cdn.trustindex.io\/assets\/platform\/Google\/star\/f.svg\" alt=\"Google\" width=\"17\" height=\"17\" loading=\"lazy\"><\/trustindex-image><trustindex-image class=\"ti-star\" data-imgurl=\"https:\/\/cdn.trustindex.io\/assets\/platform\/Google\/star\/f.svg\" alt=\"Google\" width=\"17\" height=\"17\" loading=\"lazy\"><\/trustindex-image><trustindex-image class=\"ti-star\" data-imgurl=\"https:\/\/cdn.trustindex.io\/assets\/platform\/Google\/star\/f.svg\" alt=\"Google\" width=\"17\" height=\"17\" loading=\"lazy\"><\/trustindex-image><trustindex-image class=\"ti-star\" data-imgurl=\"https:\/\/cdn.trustindex.io\/assets\/platform\/Google\/star\/f.svg\" alt=\"Google\" width=\"17\" height=\"17\" loading=\"lazy\"><\/trustindex-image><trustindex-image class=\"ti-star\" data-imgurl=\"https:\/\/cdn.trustindex.io\/assets\/platform\/Google\/star\/f.svg\" alt=\"Google\" width=\"17\" height=\"17\" loading=\"lazy\"><\/trustindex-image><\/span> <div class=\"ti-rating-text\"> <span class=\"nowrap\">Based on <span class=\"underline\">451 reviews<\/span><\/span> <\/div> <div class=\"ti-large-logo\"> <div class=\"ti-v-center\"> <trustindex-image class=\"ti-logo-fb\" data-imgurl=\"https:\/\/cdn.trustindex.io\/assets\/platform\/Google\/logo.svg\" width=\"150\" height=\"25\" loading=\"lazy\" alt=\"Google\"><\/trustindex-image> <\/div> <\/div> <\/div> <\/a> <\/div> <\/div> <\/template><\/pre><div data-src=\"https:\/\/cdn.trustindex.io\/loader.js?wp-widget\" data-template-id=\"trustindex-google-widget-html\" data-css-url=\"https:\/\/riocelesteaventuras.com\/wp-content\/uploads\/trustindex-google-widget.css?1773970269\"><\/div><\/div>\n\t\t\t\t\t\t<\/div>\n\t\t\t\t<\/div>\n\t\t\t\t\t<\/div>\n\t\t\t\t<\/div>\n\t\t\t\t<section class=\"elementor-section elementor-top-section elementor-element elementor-element-f29637e elementor-section-full_width elementor-section-height-default elementor-section-height-default\" data-id=\"f29637e\" data-element_type=\"section\" data-e-type=\"section\" data-settings=\"{&quot;background_background&quot;:&quot;classic&quot;}\">\n\t\t\t\t\t\t<div class=\"elementor-container elementor-column-gap-default\">\n\t\t\t\t\t<div class=\"elementor-column elementor-col-100 elementor-top-column elementor-element elementor-element-6ecc2cb\" data-id=\"6ecc2cb\" data-element_type=\"column\" data-e-type=\"column\">\n\t\t\t<div class=\"elementor-widget-wrap elementor-element-populated\">\n\t\t\t\t\t\t<section class=\"elementor-section elementor-inner-section elementor-element elementor-element-82972ba elementor-section-boxed elementor-section-height-default elementor-section-height-default\" data-id=\"82972ba\" data-element_type=\"section\" data-e-type=\"section\">\n\t\t\t\t\t\t<div class=\"elementor-container elementor-column-gap-default\">\n\t\t\t\t\t<div class=\"elementor-column elementor-col-50 elementor-inner-column elementor-element elementor-element-b35313e\" data-id=\"b35313e\" data-element_type=\"column\" data-e-type=\"column\">\n\t\t\t<div class=\"elementor-widget-wrap elementor-element-populated\">\n\t\t\t\t\t\t<div class=\"elementor-element elementor-element-06263e9 elementor-widget elementor-widget-heading\" data-id=\"06263e9\" data-element_type=\"widget\" data-e-type=\"widget\" data-widget_type=\"heading.default\">\n\t\t\t\t<div class=\"elementor-widget-container\">\n\t\t\t\t\t<h2 class=\"elementor-heading-title elementor-size-default\">Nuestra Misi\u00f3n: Compartir la verdadera Pura Vida<\/h2>\t\t\t\t<\/div>\n\t\t\t\t<\/div>\n\t\t\t\t<div class=\"elementor-element elementor-element-68c092c elementor-widget__width-initial elementor-widget-tablet__width-inherit elementor-widget elementor-widget-text-editor\" data-id=\"68c092c\" data-element_type=\"widget\" data-e-type=\"widget\" data-widget_type=\"text-editor.default\">\n\t\t\t\t<div class=\"elementor-widget-container\">\n\t\t\t\t\t\t\t\t\t<p>En R\u00edo Celeste Aventuras, nuestra misi\u00f3n es sencilla: compartir la aut\u00e9ntica magia de nuestro hogar. Creemos que una verdadera aventura debe ser emocionante pero segura, envolvente pero respetuosa con la naturaleza. Para nosotros, el turismo sostenible no es una palabra de moda; es nuestra promesa de preservar la impresionante belleza de R\u00edo Celeste para las generaciones venideras. Combinamos una seguridad de primera clase con la c\u00e1lida y genuina hospitalidad de expertos gu\u00edas locales para crear recuerdos que duren toda la vida.   <\/p>\t\t\t\t\t\t\t\t<\/div>\n\t\t\t\t<\/div>\n\t\t\t\t\t<\/div>\n\t\t<\/div>\n\t\t\t\t<div class=\"elementor-column elementor-col-50 elementor-inner-column elementor-element elementor-element-a9c4e92\" data-id=\"a9c4e92\" data-element_type=\"column\" data-e-type=\"column\">\n\t\t\t<div class=\"elementor-widget-wrap elementor-element-populated\">\n\t\t\t\t\t\t<div class=\"elementor-element elementor-element-267cb61 destinations_img_box elementor-position-top elementor-widget elementor-widget-image-box\" data-id=\"267cb61\" data-element_type=\"widget\" data-e-type=\"widget\" data-widget_type=\"image-box.default\">\n\t\t\t\t<div class=\"elementor-widget-container\">\n\t\t\t\t\t<div class=\"elementor-image-box-wrapper\"><figure class=\"elementor-image-box-img\"><a href=\"https:\/\/riocelesteaventuras.com\/destinations\/rio-celeste-tours\/\" tabindex=\"-1\"><img loading=\"lazy\" decoding=\"async\" width=\"678\" height=\"278\" src=\"https:\/\/riocelesteaventuras.com\/wp-content\/uploads\/2024\/11\/destinations_img1.jpg\" class=\"attachment-full size-full wp-image-5914\" alt=\"\" srcset=\"https:\/\/riocelesteaventuras.com\/wp-content\/uploads\/2024\/11\/destinations_img1.jpg 678w, https:\/\/riocelesteaventuras.com\/wp-content\/uploads\/2024\/11\/destinations_img1-300x123.jpg 300w, https:\/\/riocelesteaventuras.com\/wp-content\/uploads\/2024\/11\/destinations_img1-600x246.jpg 600w\" sizes=\"(max-width: 678px) 100vw, 678px\" \/><\/a><\/figure><div class=\"elementor-image-box-content\"><h3 class=\"elementor-image-box-title\"><a href=\"https:\/\/riocelesteaventuras.com\/destinations\/rio-celeste-tours\/\">Tubing Costa Rica<\/a><\/h3><\/div><\/div>\t\t\t\t<\/div>\n\t\t\t\t<\/div>\n\t\t\t\t\t<\/div>\n\t\t<\/div>\n\t\t\t\t\t<\/div>\n\t\t<\/section>\n\t\t\t\t<section class=\"elementor-section elementor-inner-section elementor-element elementor-element-f68698a elementor-section-boxed elementor-section-height-default elementor-section-height-default\" data-id=\"f68698a\" data-element_type=\"section\" data-e-type=\"section\">\n\t\t\t\t\t\t<div class=\"elementor-container elementor-column-gap-default\">\n\t\t\t\t\t<div class=\"elementor-column elementor-col-33 elementor-inner-column elementor-element elementor-element-d6cca38\" data-id=\"d6cca38\" data-element_type=\"column\" data-e-type=\"column\">\n\t\t\t<div class=\"elementor-widget-wrap elementor-element-populated\">\n\t\t\t\t\t\t<div class=\"elementor-element elementor-element-afdb6e4 destinations_img_box elementor-position-top elementor-widget elementor-widget-image-box\" data-id=\"afdb6e4\" data-element_type=\"widget\" data-e-type=\"widget\" data-widget_type=\"image-box.default\">\n\t\t\t\t<div class=\"elementor-widget-container\">\n\t\t\t\t\t<div class=\"elementor-image-box-wrapper\"><figure class=\"elementor-image-box-img\"><a href=\"https:\/\/riocelesteaventuras.com\/es\/tours\/rutas-en-bicicleta-costa-rica\/\" tabindex=\"-1\"><img loading=\"lazy\" decoding=\"async\" width=\"438\" height=\"278\" src=\"https:\/\/riocelesteaventuras.com\/wp-content\/uploads\/2024\/11\/destinations_img55.jpg\" class=\"attachment-full size-full wp-image-5962\" alt=\"\" srcset=\"https:\/\/riocelesteaventuras.com\/wp-content\/uploads\/2024\/11\/destinations_img55.jpg 438w, https:\/\/riocelesteaventuras.com\/wp-content\/uploads\/2024\/11\/destinations_img55-300x190.jpg 300w\" sizes=\"(max-width: 438px) 100vw, 438px\" \/><\/a><\/figure><div class=\"elementor-image-box-content\"><h3 class=\"elementor-image-box-title\"><a href=\"https:\/\/riocelesteaventuras.com\/es\/tours\/rutas-en-bicicleta-costa-rica\/\">Bicicleta Costa Rica<\/a><\/h3><\/div><\/div>\t\t\t\t<\/div>\n\t\t\t\t<\/div>\n\t\t\t\t\t<\/div>\n\t\t<\/div>\n\t\t\t\t<div class=\"elementor-column elementor-col-33 elementor-inner-column elementor-element elementor-element-7142029\" data-id=\"7142029\" data-element_type=\"column\" data-e-type=\"column\">\n\t\t\t<div class=\"elementor-widget-wrap elementor-element-populated\">\n\t\t\t\t\t\t<div class=\"elementor-element elementor-element-9cf2c4a destinations_img_box elementor-position-top elementor-widget elementor-widget-image-box\" data-id=\"9cf2c4a\" data-element_type=\"widget\" data-e-type=\"widget\" data-widget_type=\"image-box.default\">\n\t\t\t\t<div class=\"elementor-widget-container\">\n\t\t\t\t\t<div class=\"elementor-image-box-wrapper\"><figure class=\"elementor-image-box-img\"><a href=\"https:\/\/riocelesteaventuras.com\/destinations\/tubing-costa-rica\/\" tabindex=\"-1\"><img loading=\"lazy\" decoding=\"async\" width=\"438\" height=\"278\" src=\"https:\/\/riocelesteaventuras.com\/wp-content\/uploads\/2024\/11\/destinations_img3.jpg\" class=\"attachment-full size-full wp-image-5922\" alt=\"\" srcset=\"https:\/\/riocelesteaventuras.com\/wp-content\/uploads\/2024\/11\/destinations_img3.jpg 438w, https:\/\/riocelesteaventuras.com\/wp-content\/uploads\/2024\/11\/destinations_img3-300x190.jpg 300w\" sizes=\"(max-width: 438px) 100vw, 438px\" \/><\/a><\/figure><div class=\"elementor-image-box-content\"><h3 class=\"elementor-image-box-title\"><a href=\"https:\/\/riocelesteaventuras.com\/destinations\/tubing-costa-rica\/\">Senderismo Costa rica<\/a><\/h3><\/div><\/div>\t\t\t\t<\/div>\n\t\t\t\t<\/div>\n\t\t\t\t\t<\/div>\n\t\t<\/div>\n\t\t\t\t<div class=\"elementor-column elementor-col-33 elementor-inner-column elementor-element elementor-element-676905c\" data-id=\"676905c\" data-element_type=\"column\" data-e-type=\"column\">\n\t\t\t<div class=\"elementor-widget-wrap elementor-element-populated\">\n\t\t\t\t\t\t<div class=\"elementor-element elementor-element-1945251 destinations_img_box elementor-position-top elementor-widget elementor-widget-image-box\" data-id=\"1945251\" data-element_type=\"widget\" data-e-type=\"widget\" data-widget_type=\"image-box.default\">\n\t\t\t\t<div class=\"elementor-widget-container\">\n\t\t\t\t\t<div class=\"elementor-image-box-wrapper\"><figure class=\"elementor-image-box-img\"><a href=\"https:\/\/riocelesteaventuras.com\/destinations\/zipline\/\" tabindex=\"-1\"><img loading=\"lazy\" decoding=\"async\" width=\"438\" height=\"278\" src=\"https:\/\/riocelesteaventuras.com\/wp-content\/uploads\/2024\/11\/destinations_img4.jpg\" class=\"attachment-full size-full wp-image-5918\" alt=\"\" srcset=\"https:\/\/riocelesteaventuras.com\/wp-content\/uploads\/2024\/11\/destinations_img4.jpg 438w, https:\/\/riocelesteaventuras.com\/wp-content\/uploads\/2024\/11\/destinations_img4-300x190.jpg 300w\" sizes=\"(max-width: 438px) 100vw, 438px\" \/><\/a><\/figure><div class=\"elementor-image-box-content\"><h3 class=\"elementor-image-box-title\"><a href=\"https:\/\/riocelesteaventuras.com\/destinations\/zipline\/\">Tirolina Costa Rica<\/a><\/h3><\/div><\/div>\t\t\t\t<\/div>\n\t\t\t\t<\/div>\n\t\t\t\t\t<\/div>\n\t\t<\/div>\n\t\t\t\t\t<\/div>\n\t\t<\/section>\n\t\t\t\t\t<\/div>\n\t\t<\/div>\n\t\t\t\t\t<\/div>\n\t\t<\/section>\n\t\t\t\t<section class=\"elementor-section elementor-top-section elementor-element elementor-element-5cc60fe elementor-section-full_width elementor-section-height-min-height elementor-section-items-stretch elementor-section-height-default\" data-id=\"5cc60fe\" data-element_type=\"section\" data-e-type=\"section\">\n\t\t\t\t\t\t<div class=\"elementor-container elementor-column-gap-no\">\n\t\t\t\t\t<div class=\"elementor-column elementor-col-100 elementor-top-column elementor-element elementor-element-cb8f78c\" data-id=\"cb8f78c\" data-element_type=\"column\" data-e-type=\"column\">\n\t\t\t<div class=\"elementor-widget-wrap elementor-element-populated\">\n\t\t\t\t\t\t<div class=\"elementor-element elementor-element-5f80536 elementor-widget elementor-widget-google_maps\" data-id=\"5f80536\" data-element_type=\"widget\" data-e-type=\"widget\" data-widget_type=\"google_maps.default\">\n\t\t\t\t<div class=\"elementor-widget-container\">\n\t\t\t\t\t\t\t<div class=\"elementor-custom-embed\">\n\t\t\t<iframe loading=\"lazy\"\n\t\t\t\t\tsrc=\"https:\/\/maps.google.com\/maps?q=Rio%20Celeste%20Aventuras%20-%20Tubing%20Rio%20Celeste&#038;t=m&#038;z=10&#038;output=embed&#038;iwloc=near\"\n\t\t\t\t\ttitle=\"Rio Celeste Aventuras - Tubing Rio Celeste\"\n\t\t\t\t\taria-label=\"Rio Celeste Aventuras - Tubing Rio Celeste\"\n\t\t\t><\/iframe>\n\t\t<\/div>\n\t\t\t\t\t\t<\/div>\n\t\t\t\t<\/div>\n\t\t\t\t\t<\/div>\n\t\t<\/div>\n\t\t\t\t\t<\/div>\n\t\t<\/section>\n\t\t\t\t<\/div>\n\t\t","protected":false},"excerpt":{"rendered":"<p>Acerca de Travel Nomad Experiencias de viaje saludables Un nuevo viaje comienza aqu\u00ed dentro, encuentra un destino que te convenga y empieza a viajar. Ofrecemos los mejores paquetes de viaje. A medida que el mercado de los viajes crece en India, tambi\u00e9n lo hacen los problemas de seguridad y protecci\u00f3n de los extranjeros que viajan a India cada a\u00f1o. Aunque el gobierno est\u00e1 haciendo su parte, hay [&#8230;]<\/p>\n","protected":false},"author":1,"featured_media":0,"parent":0,"menu_order":0,"comment_status":"closed","ping_status":"closed","template":"elementor_header_footer","meta":{"footnotes":""},"class_list":["post-6662","page","type-page","status-publish","hentry","travel-monster-post","no-post-thumbnail","latest_post"],"_links":{"self":[{"href":"https:\/\/riocelesteaventuras.com\/es\/wp-json\/wp\/v2\/pages\/6662","targetHints":{"allow":["GET"]}}],"collection":[{"href":"https:\/\/riocelesteaventuras.com\/es\/wp-json\/wp\/v2\/pages"}],"about":[{"href":"https:\/\/riocelesteaventuras.com\/es\/wp-json\/wp\/v2\/types\/page"}],"author":[{"embeddable":true,"href":"https:\/\/riocelesteaventuras.com\/es\/wp-json\/wp\/v2\/users\/1"}],"replies":[{"embeddable":true,"href":"https:\/\/riocelesteaventuras.com\/es\/wp-json\/wp\/v2\/comments?post=6662"}],"version-history":[{"count":0,"href":"https:\/\/riocelesteaventuras.com\/es\/wp-json\/wp\/v2\/pages\/6662\/revisions"}],"wp:attachment":[{"href":"https:\/\/riocelesteaventuras.com\/es\/wp-json\/wp\/v2\/media?parent=6662"}],"curies":[{"name":"wp","href":"https:\/\/api.w.org\/{rel}","templated":true}]}}