{"id":6615,"date":"2024-11-22T11:26:10","date_gmt":"2024-11-22T11:26:10","guid":{"rendered":"https:\/\/riocelesteaventuras.com\/ubicacion\/"},"modified":"2025-09-29T10:56:20","modified_gmt":"2025-09-29T10:56:20","slug":"ubicacion","status":"publish","type":"page","link":"https:\/\/riocelesteaventuras.com\/es\/ubicacion\/","title":{"rendered":"Ubicaci\u00f3n"},"content":{"rendered":"\t\t<div data-elementor-type=\"wp-page\" data-elementor-id=\"6615\" class=\"elementor elementor-6615 elementor-5881\" data-elementor-post-type=\"page\">\n\t\t\t\t\t\t<section class=\"elementor-section elementor-top-section elementor-element elementor-element-a1aacd6 elementor-section-boxed elementor-section-height-default elementor-section-height-default\" data-id=\"a1aacd6\" data-element_type=\"section\" data-e-type=\"section\" data-settings=\"{&quot;background_background&quot;:&quot;classic&quot;}\">\n\t\t\t\t\t\t\t<div class=\"elementor-background-overlay\"><\/div>\n\t\t\t\t\t\t\t<div class=\"elementor-container elementor-column-gap-default\">\n\t\t\t\t\t<div class=\"elementor-column elementor-col-100 elementor-top-column elementor-element elementor-element-b13de18\" data-id=\"b13de18\" data-element_type=\"column\" data-e-type=\"column\">\n\t\t\t<div class=\"elementor-widget-wrap elementor-element-populated\">\n\t\t\t\t\t\t<div class=\"elementor-element elementor-element-41ea166 elementor-widget elementor-widget-heading\" data-id=\"41ea166\" data-element_type=\"widget\" data-e-type=\"widget\" data-widget_type=\"heading.default\">\n\t\t\t\t<div class=\"elementor-widget-container\">\n\t\t\t\t\t<h1 class=\"elementor-heading-title elementor-size-default\">Ubicaci\u00f3n<\/h1>\t\t\t\t<\/div>\n\t\t\t\t<\/div>\n\t\t\t\t\t<\/div>\n\t\t<\/div>\n\t\t\t\t\t<\/div>\n\t\t<\/section>\n\t\t<div class=\"elementor-element elementor-element-590fc31 e-flex e-con-boxed e-con e-parent\" data-id=\"590fc31\" data-element_type=\"container\" data-e-type=\"container\">\n\t\t\t\t\t<div class=\"e-con-inner\">\n\t\t<div class=\"elementor-element elementor-element-f95dd27 e-con-full e-flex e-con e-child\" data-id=\"f95dd27\" data-element_type=\"container\" data-e-type=\"container\">\n\t\t\t\t<div class=\"elementor-element elementor-element-19c4cb8 elementor-widget elementor-widget-text-editor\" data-id=\"19c4cb8\" data-element_type=\"widget\" data-e-type=\"widget\" data-widget_type=\"text-editor.default\">\n\t\t\t\t<div class=\"elementor-widget-container\">\n\t\t\t\t\t\t\t\t\t<p>Descubre el Encantador <br>Mapa de R\u00edo Celeste Costa Rica para una Aventura Memorable<\/p>\t\t\t\t\t\t\t\t<\/div>\n\t\t\t\t<\/div>\n\t\t\t\t<div class=\"elementor-element elementor-element-767fbb2 elementor-widget elementor-widget-text-editor\" data-id=\"767fbb2\" data-element_type=\"widget\" data-e-type=\"widget\" data-widget_type=\"text-editor.default\">\n\t\t\t\t<div class=\"elementor-widget-container\">\n\t\t\t\t\t\t\t\t\t<p>Revelando las majestuosas maravillas de R\u00edo Celeste con nuestras emocionantes actividades<\/p>\t\t\t\t\t\t\t\t<\/div>\n\t\t\t\t<\/div>\n\t\t\t\t<\/div>\n\t\t\t\t\t<\/div>\n\t\t\t\t<\/div>\n\t\t<div class=\"elementor-element elementor-element-e1add4d e-flex e-con-boxed e-con e-parent\" data-id=\"e1add4d\" data-element_type=\"container\" data-e-type=\"container\" data-settings=\"{&quot;background_background&quot;:&quot;classic&quot;}\">\n\t\t\t\t\t<div class=\"e-con-inner\">\n\t\t<div class=\"elementor-element elementor-element-4ded0a9 e-con-full e-flex e-con e-child\" data-id=\"4ded0a9\" data-element_type=\"container\" data-e-type=\"container\">\n\t\t\t\t<div class=\"elementor-element elementor-element-c0e2c92 elementor-widget elementor-widget-text-editor\" data-id=\"c0e2c92\" data-element_type=\"widget\" data-e-type=\"widget\" data-widget_type=\"text-editor.default\">\n\t\t\t\t<div class=\"elementor-widget-container\">\n\t\t\t\t\t\t\t\t\t<p><iframe style=\"border: 0;\" src=\"https:\/\/www.google.com\/maps\/embed?pb=!1m18!1m12!1m3!1d3920.1315472053197!2d-84.91676178576473!3d10.72433576308689!2m3!1f0!2f0!3f0!3m2!1i1024!2i768!4f13.1!3m3!1m2!1s0x8fa0f9f828ab94c1%3A0x6f66b1e0902fe4d4!2sRio+Celeste+Aventuras!5e0!3m2!1sen!2scr!4v1558376041980!5m2!1sen!2scr\" width=\"100%\" height=\"450\" frameborder=\"0\" allowfullscreen=\"allowfullscreen\"><span style=\"display: inline-block; width: 0px; overflow: hidden; line-height: 0;\" data-mce-type=\"bookmark\" class=\"mce_SELRES_start\"><\/span><\/iframe><\/p>\t\t\t\t\t\t\t\t<\/div>\n\t\t\t\t<\/div>\n\t\t\t\t<\/div>\n\t\t<div class=\"elementor-element elementor-element-1463508 e-con-full e-flex e-con e-child\" data-id=\"1463508\" data-element_type=\"container\" data-e-type=\"container\">\n\t\t\t\t<div class=\"elementor-element elementor-element-e7bfad1 elementor-widget elementor-widget-text-editor\" data-id=\"e7bfad1\" data-element_type=\"widget\" data-e-type=\"widget\" data-widget_type=\"text-editor.default\">\n\t\t\t\t<div class=\"elementor-widget-container\">\n\t\t\t\t\t\t\t\t\t<p><span style=\"color: #3c9415;\"><strong>Emb\u00e1rquese en una aventura inolvidable mientras descubre la belleza natural de R\u00edo Celeste, uno de los tesoros m\u00e1s asombrosos de Costa Rica.<\/strong><\/span><\/p><p>Nuestra oficina convenientemente ubicada cerca de la entrada del Parque Nacional Tenorio sirve como el punto de partida perfecto para su exploraci\u00f3n. Con el mapa de R\u00edo Celeste Costa Rica en la mano, podr\u00e1s navegar f\u00e1cilmente hasta este m\u00e1gico lugar.<\/p><h3>Convenientemente ubicado para f\u00e1cil acceso a R\u00edo Celeste<\/h3><p><strong><span style=\"color: #3c9415;\">Nuestra oficina est\u00e1 a solo 20 minutos en auto de la impresionante cascada del R\u00edo Celeste, y el r\u00edo azul fluye a trav\u00e9s de nuestra propiedad, brindando f\u00e1cil acceso a esta impresionante atracci\u00f3n.<\/span> <\/strong><\/p><p>Nuestras emocionantes actividades est\u00e1n dise\u00f1adas para ayudarlo a experimentar plenamente la belleza natural de R\u00edo Celeste, desde caminatas guiadas hasta aventuras en tubing que lo llevar\u00e1n a trav\u00e9s de los impresionantes paisajes y cascadas del Parque Nacional Volc\u00e1n Tenorio. <a href=\"https:\/\/es.wikipedia.org\/wiki\/R%C3%ADo_Celeste\" target=\"_blank\" rel=\"noopener\">UBICACI\u00d3N DE LA CASCADA DEL R\u00cdO CELESTE<\/a><\/p>\t\t\t\t\t\t\t\t<\/div>\n\t\t\t\t<\/div>\n\t\t\t\t<\/div>\n\t\t\t\t\t<\/div>\n\t\t\t\t<\/div>\n\t\t<div class=\"elementor-element elementor-element-9749a87 e-flex e-con-boxed e-con e-parent\" data-id=\"9749a87\" data-element_type=\"container\" data-e-type=\"container\">\n\t\t\t\t\t<div class=\"e-con-inner\">\n\t\t\t\t<div class=\"elementor-element elementor-element-d56c100 elementor-widget elementor-widget-text-editor\" data-id=\"d56c100\" data-element_type=\"widget\" data-e-type=\"widget\" data-widget_type=\"text-editor.default\">\n\t\t\t\t<div class=\"elementor-widget-container\">\n\t\t\t\t\t\t\t\t\t<h3>Explora R\u00edo Celeste por tu cuenta con una caminata autoguiada<\/h3><p>Para aquellos que prefieren explorar por su cuenta, las caminatas autoguiadas comienzan directamente en el Parque Nacional Tenorio. Usando el mapa de R\u00edo Celeste Costa Rica, podr\u00e1s encontrar f\u00e1cilmente el camino a la entrada del parque, donde podr\u00e1s comprar boletos el d\u00eda de la actividad. La caminata te lleva por el parque nacional, donde tambi\u00e9n podr\u00e1s ver la impresionante cascada del r\u00edo azul y todos los atractivos naturales que el Parque Tenorio tiene para ofrecer.<\/p><h3>Experimente la magia de la caminata por R\u00edo Celeste hoy<\/h3><p>Con nuestra conveniente ubicaci\u00f3n y emocionantes actividades, no hay mejor manera de explorar las maravillas naturales de R\u00edo Celeste. <a href=\"https:\/\/riocelesteaventuras.com\/es\/contactenos\/\">Cont\u00e1ctanos<\/a> hoy para reservar tu aventura y comenzar tu viaje a este lugar m\u00e1gico. <a href=\"https:\/\/maps.app.goo.gl\/K5ppiSi5bQeaAyzT6?g_st=ipc\" target=\"_blank\" rel=\"noopener\">MAPAS DE GOOGLE DE R\u00cdO CELESTE<\/a><\/p>\t\t\t\t\t\t\t\t<\/div>\n\t\t\t\t<\/div>\n\t\t\t\t\t<\/div>\n\t\t\t\t<\/div>\n\t\t\t\t<\/div>\n\t\t","protected":false},"excerpt":{"rendered":"<p>Ubicaci\u00f3n Descubre el Encantador Mapa de R\u00edo Celeste Costa Rica para una Aventura Memorable Revelando las majestuosas maravillas de R\u00edo Celeste con nuestras emocionantes actividades Emb\u00e1rquese en una aventura inolvidable mientras descubre la belleza natural de R\u00edo Celeste, uno de [&hellip;]<\/p>\n","protected":false},"author":1,"featured_media":0,"parent":0,"menu_order":0,"comment_status":"closed","ping_status":"closed","template":"elementor_header_footer","meta":{"footnotes":""},"class_list":["post-6615","page","type-page","status-publish","hentry","travel-monster-post","no-post-thumbnail","latest_post"],"_links":{"self":[{"href":"https:\/\/riocelesteaventuras.com\/es\/wp-json\/wp\/v2\/pages\/6615","targetHints":{"allow":["GET"]}}],"collection":[{"href":"https:\/\/riocelesteaventuras.com\/es\/wp-json\/wp\/v2\/pages"}],"about":[{"href":"https:\/\/riocelesteaventuras.com\/es\/wp-json\/wp\/v2\/types\/page"}],"author":[{"embeddable":true,"href":"https:\/\/riocelesteaventuras.com\/es\/wp-json\/wp\/v2\/users\/1"}],"replies":[{"embeddable":true,"href":"https:\/\/riocelesteaventuras.com\/es\/wp-json\/wp\/v2\/comments?post=6615"}],"version-history":[{"count":0,"href":"https:\/\/riocelesteaventuras.com\/es\/wp-json\/wp\/v2\/pages\/6615\/revisions"}],"wp:attachment":[{"href":"https:\/\/riocelesteaventuras.com\/es\/wp-json\/wp\/v2\/media?parent=6615"}],"curies":[{"name":"wp","href":"https:\/\/api.w.org\/{rel}","templated":true}]}}