{"id":6718,"date":"2024-09-12T12:27:46","date_gmt":"2024-09-12T12:27:46","guid":{"rendered":"https:\/\/riocelesteaventuras.com\/bedingungen-und-konditionen\/"},"modified":"2025-09-27T10:10:07","modified_gmt":"2025-09-27T10:10:07","slug":"bedingungen-und-konditionen","status":"publish","type":"page","link":"https:\/\/riocelesteaventuras.com\/de\/bedingungen-und-konditionen\/","title":{"rendered":"Bedingungen und Konditionen"},"content":{"rendered":"\t\t<div data-elementor-type=\"wp-page\" data-elementor-id=\"6718\" class=\"elementor elementor-6718 elementor-16\" data-elementor-post-type=\"page\">\n\t\t\t\t\t\t<section class=\"elementor-section elementor-top-section elementor-element elementor-element-b6c83be elementor-section-boxed elementor-section-height-default elementor-section-height-default\" data-id=\"b6c83be\" data-element_type=\"section\" data-e-type=\"section\" data-settings=\"{&quot;background_background&quot;:&quot;classic&quot;}\">\n\t\t\t\t\t\t\t<div class=\"elementor-background-overlay\"><\/div>\n\t\t\t\t\t\t\t<div class=\"elementor-container elementor-column-gap-default\">\n\t\t\t\t\t<div class=\"elementor-column elementor-col-100 elementor-top-column elementor-element elementor-element-a97a12a\" data-id=\"a97a12a\" data-element_type=\"column\" data-e-type=\"column\">\n\t\t\t<div class=\"elementor-widget-wrap elementor-element-populated\">\n\t\t\t\t\t\t<div class=\"elementor-element elementor-element-6e5e40b elementor-widget elementor-widget-heading\" data-id=\"6e5e40b\" data-element_type=\"widget\" data-e-type=\"widget\" data-widget_type=\"heading.default\">\n\t\t\t\t<div class=\"elementor-widget-container\">\n\t\t\t\t\t<h1 class=\"elementor-heading-title elementor-size-default\">Gesch\u00e4ftsbedingungen<\/h1>\t\t\t\t<\/div>\n\t\t\t\t<\/div>\n\t\t\t\t\t<\/div>\n\t\t<\/div>\n\t\t\t\t\t<\/div>\n\t\t<\/section>\n\t\t<div class=\"elementor-element elementor-element-448dc06 e-flex e-con-boxed e-con e-parent\" data-id=\"448dc06\" data-element_type=\"container\" data-e-type=\"container\">\n\t\t\t\t\t<div class=\"e-con-inner\">\n\t\t<div class=\"elementor-element elementor-element-cb398f9 e-con-full e-flex e-con e-child\" data-id=\"cb398f9\" data-element_type=\"container\" data-e-type=\"container\">\n\t\t\t\t<div class=\"elementor-element elementor-element-bd2dd3a elementor-widget elementor-widget-text-editor\" data-id=\"bd2dd3a\" data-element_type=\"widget\" data-e-type=\"widget\" data-widget_type=\"text-editor.default\">\n\t\t\t\t<div class=\"elementor-widget-container\">\n\t\t\t\t\t\t\t\t\t<h2>Allgemeine Gesch\u00e4ftsbedingungen von Rio Celeste Aventuras<\/h2><h3>Datum des Inkrafttretens: 2013<\/h3><p>Durch die Nutzung der Dienste von Rio Celeste Aventuras f\u00fcr Ihre <em>Wanderreise in Costa Rica<\/em> und die <em>Vogelbeobachtung in Costa Rica<\/em> erkl\u00e4ren Sie sich mit der Einhaltung dieser Allgemeinen Gesch\u00e4ftsbedingungen einverstanden.\nWir behalten uns das Recht vor, Reservierungen abzulehnen oder zu stornieren, wenn diese Bedingungen nicht eingehalten werden, einschlie\u00dflich der Bereitstellung korrekter Informationen f\u00fcr Ihre <em>besten Wanderungen in Costa Rica<\/em>. <\/p><h3>Stornierungs- und R\u00fcckerstattungsbedingungen<\/h3><p>&#8211; Detaillierte Informationen zum <em>Costa Rica Wildlife Guide<\/em> finden Sie in unseren Stornierungs- und Erstattungsbedingungen.\nBei Stornierungen k\u00f6nnen Geb\u00fchren anfallen. <\/p><h3>Urheberrecht und geistiges Eigentum<\/h3><p>&#8211; Der Inhalt dieser Website, einschlie\u00dflich der Bilder und Texte, ist urheberrechtlich gesch\u00fctzt.\nDie unbefugte Nutzung unserer Inhalte, einschlie\u00dflich unseres <em>Vogelf\u00fchrers f\u00fcr Costa Rica<\/em>, ist nicht gestattet. <\/p><h3>Datenschutzrichtlinie<\/h3><p>&#8211; Die Nutzung unserer Dienste unterliegt unserer Datenschutzrichtlinie.\nWeitere Informationen zu Ihrem <em>Costa Rica Wildlife Guide<\/em> finden Sie in den Richtlinien. <\/p><h3>Haftungsausschluss<\/h3><p>&#8211; Trotz unserer Bem\u00fchungen, genaue Informationen bereitzustellen, \u00fcbernehmen wir keine Garantie f\u00fcr die Richtigkeit der Informationen auf unserer Website f\u00fcr Ihre <em>besten Wanderungen in Costa Rica<\/em>.\nSie nehmen auf eigenes Risiko an unseren Aktivit\u00e4ten teil, einschlie\u00dflich der <em>Vogelbeobachtung in Costa Rica<\/em>. <\/p><h3>\u00c4nderungen der Allgemeinen Gesch\u00e4ftsbedingungen<\/h3><p>&#8211; Wir behalten uns das Recht vor, diese Allgemeinen Gesch\u00e4ftsbedingungen jederzeit zu aktualisieren oder zu \u00e4ndern.\n\u00c4nderungen werden ab dem angegebenen Datum des Inkrafttretens wirksam. <\/p><h3>Kontakt<\/h3><p>Wenn Sie Fragen oder Bedenken zu diesen Allgemeinen Gesch\u00e4ftsbedingungen haben, z\u00f6gern Sie bitte nicht, uns f\u00fcr weitere Informationen zu Ihrem <em>Vogelf\u00fchrer f\u00fcr Costa Rica<\/em> zu <a href=\"mailto:info@riocelesteaventuras.com\">kontaktieren<\/a>.<\/p><hr><p>Erleben Sie die Wunder von<\/p><p><strong>Costa Rica Wildtierf\u00fchrer<\/strong> und <strong>Costa Rica Wanderreise<\/strong> im Parque Nacional Tenorio. Tauchen Sie ein in die atemberaubende Sch\u00f6nheit des Rio Celeste w\u00e4hrend Ihrer <strong>Vogelbeobachtung Costa Rica<\/strong> Abenteuer.  Entdecken Sie den Zauber dieser Reiseziele bei Ihrer n\u00e4chsten Reise!<\/p>\t\t\t\t\t\t\t\t<\/div>\n\t\t\t\t<\/div>\n\t\t\t\t<\/div>\n\t\t\t\t\t<\/div>\n\t\t\t\t<\/div>\n\t\t\t\t<\/div>\n\t\t","protected":false},"excerpt":{"rendered":"<p>Gesch\u00e4ftsbedingungen Allgemeine Gesch\u00e4ftsbedingungen von Rio Celeste Aventuras Datum des Inkrafttretens: 2013 Durch die Nutzung der Dienste von Rio Celeste Aventuras f\u00fcr Ihre Wanderreise in Costa Rica und die Vogelbeobachtung in Costa Rica erkl\u00e4ren Sie sich mit der Einhaltung dieser Allgemeinen [&hellip;]<\/p>\n","protected":false},"author":1,"featured_media":0,"parent":0,"menu_order":0,"comment_status":"closed","ping_status":"closed","template":"elementor_header_footer","meta":{"footnotes":""},"class_list":["post-6718","page","type-page","status-publish","hentry","travel-monster-post","no-post-thumbnail","latest_post"],"_links":{"self":[{"href":"https:\/\/riocelesteaventuras.com\/de\/wp-json\/wp\/v2\/pages\/6718","targetHints":{"allow":["GET"]}}],"collection":[{"href":"https:\/\/riocelesteaventuras.com\/de\/wp-json\/wp\/v2\/pages"}],"about":[{"href":"https:\/\/riocelesteaventuras.com\/de\/wp-json\/wp\/v2\/types\/page"}],"author":[{"embeddable":true,"href":"https:\/\/riocelesteaventuras.com\/de\/wp-json\/wp\/v2\/users\/1"}],"replies":[{"embeddable":true,"href":"https:\/\/riocelesteaventuras.com\/de\/wp-json\/wp\/v2\/comments?post=6718"}],"version-history":[{"count":0,"href":"https:\/\/riocelesteaventuras.com\/de\/wp-json\/wp\/v2\/pages\/6718\/revisions"}],"wp:attachment":[{"href":"https:\/\/riocelesteaventuras.com\/de\/wp-json\/wp\/v2\/media?parent=6718"}],"curies":[{"name":"wp","href":"https:\/\/api.w.org\/{rel}","templated":true}]}}