{"id":6629,"date":"2024-09-24T08:02:37","date_gmt":"2024-09-24T08:02:37","guid":{"rendered":"https:\/\/riocelesteaventuras.com\/galerie\/"},"modified":"2025-09-26T06:56:18","modified_gmt":"2025-09-26T06:56:18","slug":"galerie","status":"publish","type":"page","link":"https:\/\/riocelesteaventuras.com\/de\/galerie\/","title":{"rendered":"Galerie"},"content":{"rendered":"\t\t<div data-elementor-type=\"wp-page\" data-elementor-id=\"6629\" class=\"elementor elementor-6629 elementor-5268\" data-elementor-post-type=\"page\">\n\t\t\t\t\t\t<section class=\"elementor-section elementor-top-section elementor-element elementor-element-4012cdc elementor-section-boxed elementor-section-height-default elementor-section-height-default\" data-id=\"4012cdc\" data-element_type=\"section\" data-e-type=\"section\" data-settings=\"{&quot;background_background&quot;:&quot;classic&quot;}\">\n\t\t\t\t\t\t\t<div class=\"elementor-background-overlay\"><\/div>\n\t\t\t\t\t\t\t<div class=\"elementor-container elementor-column-gap-default\">\n\t\t\t\t\t<div class=\"elementor-column elementor-col-100 elementor-top-column elementor-element elementor-element-3c1f346\" data-id=\"3c1f346\" data-element_type=\"column\" data-e-type=\"column\">\n\t\t\t<div class=\"elementor-widget-wrap elementor-element-populated\">\n\t\t\t\t\t\t<div class=\"elementor-element elementor-element-0ed884e elementor-widget elementor-widget-heading\" data-id=\"0ed884e\" data-element_type=\"widget\" data-e-type=\"widget\" data-widget_type=\"heading.default\">\n\t\t\t\t<div class=\"elementor-widget-container\">\n\t\t\t\t\t<h2 class=\"elementor-heading-title elementor-size-default\">Galerie<\/h2>\t\t\t\t<\/div>\n\t\t\t\t<\/div>\n\t\t\t\t\t<\/div>\n\t\t<\/div>\n\t\t\t\t\t<\/div>\n\t\t<\/section>\n\t\t<div class=\"elementor-element elementor-element-084f3b6 e-flex e-con-boxed e-con e-parent\" data-id=\"084f3b6\" data-element_type=\"container\" data-e-type=\"container\">\n\t\t\t\t\t<div class=\"e-con-inner\">\n\t\t\t\t<div class=\"elementor-element elementor-element-660172e elementor-widget elementor-widget-heading\" data-id=\"660172e\" data-element_type=\"widget\" data-e-type=\"widget\" data-widget_type=\"heading.default\">\n\t\t\t\t<div class=\"elementor-widget-container\">\n\t\t\t\t\t<h1 class=\"elementor-heading-title elementor-size-default\">Lassen Sie Ihrer Abenteuerlust freien Lauf: Erleben Sie den Nervenkitzel der Schlauchboote am Rio Celeste<\/h1>\t\t\t\t<\/div>\n\t\t\t\t<\/div>\n\t\t\t\t<div class=\"elementor-element elementor-element-411cb82 elementor-widget elementor-widget-shortcode\" data-id=\"411cb82\" data-element_type=\"widget\" data-e-type=\"widget\" data-widget_type=\"shortcode.default\">\n\t\t\t\t<div class=\"elementor-widget-container\">\n\t\t\t\t\t\t\t<div class=\"elementor-shortcode\">[foogallery id=\"5298\"]<\/div>\n\t\t\t\t\t\t<\/div>\n\t\t\t\t<\/div>\n\t\t\t\t<div class=\"elementor-element elementor-element-1327202 elementor-widget elementor-widget-heading\" data-id=\"1327202\" data-element_type=\"widget\" data-e-type=\"widget\" data-widget_type=\"heading.default\">\n\t\t\t\t<div class=\"elementor-widget-container\">\n\t\t\t\t\t<h4 class=\"elementor-heading-title elementor-size-default\">Rio Celeste Costa Rica Fotogalerie<\/h4>\t\t\t\t<\/div>\n\t\t\t\t<\/div>\n\t\t\t\t<div class=\"elementor-element elementor-element-8808267 elementor-widget elementor-widget-text-editor\" data-id=\"8808267\" data-element_type=\"widget\" data-e-type=\"widget\" data-widget_type=\"text-editor.default\">\n\t\t\t\t<div class=\"elementor-widget-container\">\n\t\t\t\t\t\t\t\t\t<h4>Fachm\u00e4nnisch aufgenommene Fotos<\/h4>\nUnsere Fotos wurden fachm\u00e4nnisch aufgenommen und fangen die einzigartige Sch\u00f6nheit der Rio Celeste-R\u00f6hren ein.\nJedes Bild zeigt die spektakul\u00e4re Landschaft und die nat\u00fcrliche Sch\u00f6nheit der Region.\nWir w\u00e4hlen die besten Fotos sorgf\u00e4ltig aus, um sicherzustellen, dass Sie ein realistisches Bild davon erhalten, was Sie w\u00e4hrend Ihres Tubing-Abenteuers erwartet.  \n\t\t\t\t\t\t\t\t<\/div>\n\t\t\t\t<\/div>\n\t\t\t\t<div class=\"elementor-element elementor-element-6f0deaa elementor-widget elementor-widget-text-editor\" data-id=\"6f0deaa\" data-element_type=\"widget\" data-e-type=\"widget\" data-widget_type=\"text-editor.default\">\n\t\t\t\t<div class=\"elementor-widget-container\">\n\t\t\t\t\t\t\t\t\t\n<h4>Inspiration f\u00fcr Ihre n\u00e4chste Reise<\/h4>\nOb Sie nach Inspiration f\u00fcr Ihre n\u00e4chste Reise suchen oder einfach nur die atemberaubende Natur des Rio Celeste von zu Hause aus bewundern m\u00f6chten, unsere Galerie wird Sie sprachlos machen.\nJedes Foto ist eine Erinnerung an die nat\u00fcrliche Sch\u00f6nheit, die Sie bei Ihrem n\u00e4chsten Abenteuer erwartet. \n\n\t\t\t\t\t\t\t\t<\/div>\n\t\t\t\t<\/div>\n\t\t\t\t<div class=\"elementor-element elementor-element-a1bd8cf elementor-widget elementor-widget-text-editor\" data-id=\"a1bd8cf\" data-element_type=\"widget\" data-e-type=\"widget\" data-widget_type=\"text-editor.default\">\n\t\t\t\t<div class=\"elementor-widget-container\">\n\t\t\t\t\t\t\t\t\t<h4>Buchen Sie Ihre Rio Celeste Tubing-Tour<\/h4>\nWenn Sie bereit sind, die Sch\u00f6nheit des R\u00edo Celeste pers\u00f6nlich zu erleben, z\u00f6gern Sie nicht, uns zu kontaktieren. Unsere Tubing-Touren sind der perfekte Weg, um Costa Ricas atemberaubende Naturlandschaft zu erkunden. Wir k\u00f6nnen es kaum erwarten, mit Ihnen das wunderbare Abenteuer des Tubing auf dem R\u00edo Celeste zu teilen! \t\t\t\t\t\t\t\t<\/div>\n\t\t\t\t<\/div>\n\t\t\t\t<div class=\"elementor-element elementor-element-7a3c392 elementor-widget elementor-widget-spacer\" data-id=\"7a3c392\" data-element_type=\"widget\" data-e-type=\"widget\" data-widget_type=\"spacer.default\">\n\t\t\t\t<div class=\"elementor-widget-container\">\n\t\t\t\t\t\t\t<div class=\"elementor-spacer\">\n\t\t\t<div class=\"elementor-spacer-inner\"><\/div>\n\t\t<\/div>\n\t\t\t\t\t\t<\/div>\n\t\t\t\t<\/div>\n\t\t\t\t<div class=\"elementor-element elementor-element-192897a elementor-widget elementor-widget-spacer\" data-id=\"192897a\" data-element_type=\"widget\" data-e-type=\"widget\" data-widget_type=\"spacer.default\">\n\t\t\t\t<div class=\"elementor-widget-container\">\n\t\t\t\t\t\t\t<div class=\"elementor-spacer\">\n\t\t\t<div class=\"elementor-spacer-inner\"><\/div>\n\t\t<\/div>\n\t\t\t\t\t\t<\/div>\n\t\t\t\t<\/div>\n\t\t\t\t\t<\/div>\n\t\t\t\t<\/div>\n\t\t\t\t<\/div>\n\t\t","protected":false},"excerpt":{"rendered":"<p>Galerie Lassen Sie Ihrer Abenteuerlust freien Lauf: Erleben Sie den Nervenkitzel der Schlauchboote am Rio Celeste [foogallery id=&#8220;5298&#8243;] Rio Celeste Costa Rica Fotogalerie Fachm\u00e4nnisch aufgenommene Fotos Unsere Fotos wurden fachm\u00e4nnisch aufgenommen und fangen die einzigartige Sch\u00f6nheit der Rio Celeste-R\u00f6hren ein. [&hellip;]<\/p>\n","protected":false},"author":1,"featured_media":6300,"parent":0,"menu_order":0,"comment_status":"closed","ping_status":"closed","template":"elementor_header_footer","meta":{"footnotes":""},"class_list":["post-6629","page","type-page","status-publish","has-post-thumbnail","hentry","travel-monster-post","latest_post"],"_links":{"self":[{"href":"https:\/\/riocelesteaventuras.com\/de\/wp-json\/wp\/v2\/pages\/6629","targetHints":{"allow":["GET"]}}],"collection":[{"href":"https:\/\/riocelesteaventuras.com\/de\/wp-json\/wp\/v2\/pages"}],"about":[{"href":"https:\/\/riocelesteaventuras.com\/de\/wp-json\/wp\/v2\/types\/page"}],"author":[{"embeddable":true,"href":"https:\/\/riocelesteaventuras.com\/de\/wp-json\/wp\/v2\/users\/1"}],"replies":[{"embeddable":true,"href":"https:\/\/riocelesteaventuras.com\/de\/wp-json\/wp\/v2\/comments?post=6629"}],"version-history":[{"count":0,"href":"https:\/\/riocelesteaventuras.com\/de\/wp-json\/wp\/v2\/pages\/6629\/revisions"}],"wp:featuredmedia":[{"embeddable":true,"href":"https:\/\/riocelesteaventuras.com\/de\/wp-json\/wp\/v2\/media\/6300"}],"wp:attachment":[{"href":"https:\/\/riocelesteaventuras.com\/de\/wp-json\/wp\/v2\/media?parent=6629"}],"curies":[{"name":"wp","href":"https:\/\/api.w.org\/{rel}","templated":true}]}}