{"id":6600,"date":"2024-11-22T06:55:06","date_gmt":"2024-11-22T06:55:06","guid":{"rendered":"https:\/\/riocelesteaventuras.com\/datenschutzrichtlinie\/"},"modified":"2025-09-27T10:09:45","modified_gmt":"2025-09-27T10:09:45","slug":"datenschutzrichtlinie","status":"publish","type":"page","link":"https:\/\/riocelesteaventuras.com\/de\/datenschutzrichtlinie\/","title":{"rendered":"Datenschutzrichtlinie"},"content":{"rendered":"\t\t<div data-elementor-type=\"wp-page\" data-elementor-id=\"6600\" class=\"elementor elementor-6600 elementor-5823\" data-elementor-post-type=\"page\">\n\t\t\t\t\t\t<section class=\"elementor-section elementor-top-section elementor-element elementor-element-b5b4eca elementor-section-boxed elementor-section-height-default elementor-section-height-default\" data-id=\"b5b4eca\" data-element_type=\"section\" data-e-type=\"section\" data-settings=\"{&quot;background_background&quot;:&quot;classic&quot;}\">\n\t\t\t\t\t\t\t<div class=\"elementor-background-overlay\"><\/div>\n\t\t\t\t\t\t\t<div class=\"elementor-container elementor-column-gap-default\">\n\t\t\t\t\t<div class=\"elementor-column elementor-col-100 elementor-top-column elementor-element elementor-element-eadb16c\" data-id=\"eadb16c\" data-element_type=\"column\" data-e-type=\"column\">\n\t\t\t<div class=\"elementor-widget-wrap elementor-element-populated\">\n\t\t\t\t\t\t<div class=\"elementor-element elementor-element-01a9f5f elementor-widget elementor-widget-heading\" data-id=\"01a9f5f\" data-element_type=\"widget\" data-e-type=\"widget\" data-widget_type=\"heading.default\">\n\t\t\t\t<div class=\"elementor-widget-container\">\n\t\t\t\t\t<h1 class=\"elementor-heading-title elementor-size-default\">Datenschutzrichtlinie<\/h1>\t\t\t\t<\/div>\n\t\t\t\t<\/div>\n\t\t\t\t\t<\/div>\n\t\t<\/div>\n\t\t\t\t\t<\/div>\n\t\t<\/section>\n\t\t<div class=\"elementor-element elementor-element-828db44 e-flex e-con-boxed e-con e-parent\" data-id=\"828db44\" data-element_type=\"container\" data-e-type=\"container\">\n\t\t\t\t\t<div class=\"e-con-inner\">\n\t\t<div class=\"elementor-element elementor-element-6e43fdc e-con-full e-flex e-con e-child\" data-id=\"6e43fdc\" data-element_type=\"container\" data-e-type=\"container\">\n\t\t\t\t<div class=\"elementor-element elementor-element-6d9ae65 elementor-widget elementor-widget-text-editor\" data-id=\"6d9ae65\" data-element_type=\"widget\" data-e-type=\"widget\" data-widget_type=\"text-editor.default\">\n\t\t\t\t<div class=\"elementor-widget-container\">\n\t\t\t\t\t\t\t\t\t<h2>Datenschutzrichtlinie von Rio Celeste Adventures<\/h2>\n<h3>Datum des Inkrafttretens: 2013<\/h3>\n<p>Bei Rio Celeste Aventuras sch\u00e4tzen und respektieren wir Ihre Privatsph\u00e4re.\nDiese Datenschutzrichtlinie beschreibt, wie wir Ihre personenbezogenen Daten erfassen, verwenden und sch\u00fctzen. <\/p>\n<h3>Informationsbeschaffung<\/h3>\n<p>Wir erfassen personenbezogene Daten, die Sie uns bei der Buchung von Touren oder der Kommunikation mit uns mitteilen.\nDazu k\u00f6nnen Ihr Name, Ihre E-Mail-Adresse, Ihre Telefonnummer und andere f\u00fcr Ihre Reservierung relevante Informationen geh\u00f6ren. <\/p>\n<p>Dar\u00fcber hinaus kann unsere Website technische Informationen wie IP-Adressen, Cookies und Browserdaten erfassen, um das Benutzererlebnis zu verbessern und die Sicherheit der Website zu gew\u00e4hrleisten.<\/p>\n<h3>Verwendung von Informationen<\/h3>\n<p>Wir verwenden die von uns erfassten personenbezogenen Daten f\u00fcr folgende Zwecke:<\/p>\n<ul>\n<li>Bearbeiten Sie Reservierungen und Zahlungen.<\/li>\n<li>Senden Sie Ihnen eine Best\u00e4tigung und Reservierungsdetails.<\/li>\n<li>Informieren Sie sich \u00fcber unsere Touren und Dienstleistungen.<\/li>\n<li>Reagieren Sie auf Ihre Fragen und W\u00fcnsche.<\/li>\n<li>Verbessern Sie unsere Website und Dienstleistungen.<\/li>\n<\/ul>\n<h3>Schutz personenbezogener Daten<\/h3>\n<p>Wir ergreifen Ma\u00dfnahmen, um Ihre personenbezogenen Daten zu sch\u00fctzen und sicherzustellen, dass sie sicher verarbeitet werden.\nWir geben Ihre Daten nicht an Dritte weiter, es sei denn, dies ist zur Erf\u00fcllung Ihrer Reservierung erforderlich oder aufgrund einer gesetzlichen Verpflichtung. <\/p>\n<h3>Cookies und Website-Analyse<\/h3>\n<p>Wir verwenden Cookies und Webanalysetools, um Informationen dar\u00fcber zu sammeln, wie Besucher unsere Website nutzen.\nDiese Informationen helfen uns, unsere Website zu verbessern und relevante Inhalte bereitzustellen. <\/p>\n<h3>Nutzerrechte<\/h3>\n<p>Sie haben das Recht auf Zugang, Berichtigung, L\u00f6schung oder Einschr\u00e4nkung der Verarbeitung Ihrer personenbezogenen Daten.\nWenn Sie diese Rechte aus\u00fcben m\u00f6chten oder Fragen oder Bedenken haben, z\u00f6gern Sie nicht, uns unter der folgenden E-Mail-Adresse zu kontaktieren: <a href=\"mailto:info@riocelesteaventuras.com\">info@riocelesteaventuras.com<\/a>. <\/p>\n<h3>\u00c4nderungen der Datenschutzrichtlinie<\/h3>\n<p>Obwohl unsere Datenschutzrichtlinie seit 2013 in Kraft ist, k\u00f6nnen wir sie regelm\u00e4\u00dfig aktualisieren.\nEventuelle \u00c4nderungen werden mit entsprechendem Datum auf dieser Seite ver\u00f6ffentlicht. <\/p>\n<h3>Kontakt<\/h3>\n<p>Wenn Sie Fragen oder Bedenken zu dieser Datenschutzrichtlinie oder Ihren pers\u00f6nlichen Daten haben, z\u00f6gern Sie bitte nicht, uns unter der oben angegebenen E-Mail-Adresse zu kontaktieren.<\/p>\t\t\t\t\t\t\t\t<\/div>\n\t\t\t\t<\/div>\n\t\t\t\t<\/div>\n\t\t\t\t\t<\/div>\n\t\t\t\t<\/div>\n\t\t\t\t<\/div>\n\t\t","protected":false},"excerpt":{"rendered":"<p>Datenschutzrichtlinie Datenschutzrichtlinie von Rio Celeste Adventures Datum des Inkrafttretens: 2013 Bei Rio Celeste Aventuras sch\u00e4tzen und respektieren wir Ihre Privatsph\u00e4re. Diese Datenschutzrichtlinie beschreibt, wie wir Ihre personenbezogenen Daten erfassen, verwenden und sch\u00fctzen. Informationsbeschaffung Wir erfassen personenbezogene Daten, die Sie uns [&hellip;]<\/p>\n","protected":false},"author":1,"featured_media":0,"parent":0,"menu_order":0,"comment_status":"closed","ping_status":"closed","template":"elementor_header_footer","meta":{"footnotes":""},"class_list":["post-6600","page","type-page","status-publish","hentry","travel-monster-post","no-post-thumbnail","latest_post"],"_links":{"self":[{"href":"https:\/\/riocelesteaventuras.com\/de\/wp-json\/wp\/v2\/pages\/6600","targetHints":{"allow":["GET"]}}],"collection":[{"href":"https:\/\/riocelesteaventuras.com\/de\/wp-json\/wp\/v2\/pages"}],"about":[{"href":"https:\/\/riocelesteaventuras.com\/de\/wp-json\/wp\/v2\/types\/page"}],"author":[{"embeddable":true,"href":"https:\/\/riocelesteaventuras.com\/de\/wp-json\/wp\/v2\/users\/1"}],"replies":[{"embeddable":true,"href":"https:\/\/riocelesteaventuras.com\/de\/wp-json\/wp\/v2\/comments?post=6600"}],"version-history":[{"count":0,"href":"https:\/\/riocelesteaventuras.com\/de\/wp-json\/wp\/v2\/pages\/6600\/revisions"}],"wp:attachment":[{"href":"https:\/\/riocelesteaventuras.com\/de\/wp-json\/wp\/v2\/media?parent=6600"}],"curies":[{"name":"wp","href":"https:\/\/api.w.org\/{rel}","templated":true}]}}