{"id":6597,"date":"2024-11-22T11:26:10","date_gmt":"2024-11-22T11:26:10","guid":{"rendered":"https:\/\/riocelesteaventuras.com\/standort\/"},"modified":"2025-09-29T10:55:04","modified_gmt":"2025-09-29T10:55:04","slug":"standort","status":"publish","type":"page","link":"https:\/\/riocelesteaventuras.com\/de\/standort\/","title":{"rendered":"Standort"},"content":{"rendered":"\t\t<div data-elementor-type=\"wp-page\" data-elementor-id=\"6597\" class=\"elementor elementor-6597 elementor-5881\" data-elementor-post-type=\"page\">\n\t\t\t\t\t\t<section class=\"elementor-section elementor-top-section elementor-element elementor-element-a1aacd6 elementor-section-boxed elementor-section-height-default elementor-section-height-default\" data-id=\"a1aacd6\" data-element_type=\"section\" data-e-type=\"section\" data-settings=\"{&quot;background_background&quot;:&quot;classic&quot;}\">\n\t\t\t\t\t\t\t<div class=\"elementor-background-overlay\"><\/div>\n\t\t\t\t\t\t\t<div class=\"elementor-container elementor-column-gap-default\">\n\t\t\t\t\t<div class=\"elementor-column elementor-col-100 elementor-top-column elementor-element elementor-element-b13de18\" data-id=\"b13de18\" data-element_type=\"column\" data-e-type=\"column\">\n\t\t\t<div class=\"elementor-widget-wrap elementor-element-populated\">\n\t\t\t\t\t\t<div class=\"elementor-element elementor-element-41ea166 elementor-widget elementor-widget-heading\" data-id=\"41ea166\" data-element_type=\"widget\" data-e-type=\"widget\" data-widget_type=\"heading.default\">\n\t\t\t\t<div class=\"elementor-widget-container\">\n\t\t\t\t\t<h1 class=\"elementor-heading-title elementor-size-default\">Standort<\/h1>\t\t\t\t<\/div>\n\t\t\t\t<\/div>\n\t\t\t\t\t<\/div>\n\t\t<\/div>\n\t\t\t\t\t<\/div>\n\t\t<\/section>\n\t\t<div class=\"elementor-element elementor-element-590fc31 e-flex e-con-boxed e-con e-parent\" data-id=\"590fc31\" data-element_type=\"container\" data-e-type=\"container\">\n\t\t\t\t\t<div class=\"e-con-inner\">\n\t\t<div class=\"elementor-element elementor-element-f95dd27 e-con-full e-flex e-con e-child\" data-id=\"f95dd27\" data-element_type=\"container\" data-e-type=\"container\">\n\t\t\t\t<div class=\"elementor-element elementor-element-19c4cb8 elementor-widget elementor-widget-text-editor\" data-id=\"19c4cb8\" data-element_type=\"widget\" data-e-type=\"widget\" data-widget_type=\"text-editor.default\">\n\t\t\t\t<div class=\"elementor-widget-container\">\n\t\t\t\t\t\t\t\t\t<p>Entdecken Sie die zauberhafte <br>Rio Celeste Costa Rica Karte f\u00fcr ein unvergessliches Abenteuer<\/p>\t\t\t\t\t\t\t\t<\/div>\n\t\t\t\t<\/div>\n\t\t\t\t<div class=\"elementor-element elementor-element-767fbb2 elementor-widget elementor-widget-text-editor\" data-id=\"767fbb2\" data-element_type=\"widget\" data-e-type=\"widget\" data-widget_type=\"text-editor.default\">\n\t\t\t\t<div class=\"elementor-widget-container\">\n\t\t\t\t\t\t\t\t\t<p>Entdecken Sie die majest\u00e4tischen Wunder des Rio Celeste mit unseren aufregenden Aktivit\u00e4ten<\/p>\t\t\t\t\t\t\t\t<\/div>\n\t\t\t\t<\/div>\n\t\t\t\t<\/div>\n\t\t\t\t\t<\/div>\n\t\t\t\t<\/div>\n\t\t<div class=\"elementor-element elementor-element-e1add4d e-flex e-con-boxed e-con e-parent\" data-id=\"e1add4d\" data-element_type=\"container\" data-e-type=\"container\" data-settings=\"{&quot;background_background&quot;:&quot;classic&quot;}\">\n\t\t\t\t\t<div class=\"e-con-inner\">\n\t\t<div class=\"elementor-element elementor-element-4ded0a9 e-con-full e-flex e-con e-child\" data-id=\"4ded0a9\" data-element_type=\"container\" data-e-type=\"container\">\n\t\t\t\t<div class=\"elementor-element elementor-element-c0e2c92 elementor-widget elementor-widget-text-editor\" data-id=\"c0e2c92\" data-element_type=\"widget\" data-e-type=\"widget\" data-widget_type=\"text-editor.default\">\n\t\t\t\t<div class=\"elementor-widget-container\">\n\t\t\t\t\t\t\t\t\t<p><iframe style=\"border: 0;\" src=\"https:\/\/www.google.com\/maps\/embed?pb=!1m18!1m12!1m3!1d3920.1315472053197!2d-84.91676178576473!3d10.72433576308689!2m3!1f0!2f0!3f0!3m2!1i1024!2i768!4f13.1!3m3!1m2!1s0x8fa0f9f828ab94c1%3A0x6f66b1e0902fe4d4!2sRio+Celeste+Aventuras!5e0!3m2!1sen!2scr!4v1558376041980!5m2!1sen!2scr\" width=\"100%\" height=\"450\" frameborder=\"0\" allowfullscreen=\"allowfullscreen\"><span style=\"display: inline-block; width: 0px; overflow: hidden; line-height: 0;\" data-mce-type=\"bookmark\" class=\"mce_SELRES_start\"><\/span><\/iframe><\/p>\t\t\t\t\t\t\t\t<\/div>\n\t\t\t\t<\/div>\n\t\t\t\t<\/div>\n\t\t<div class=\"elementor-element elementor-element-1463508 e-con-full e-flex e-con e-child\" data-id=\"1463508\" data-element_type=\"container\" data-e-type=\"container\">\n\t\t\t\t<div class=\"elementor-element elementor-element-e7bfad1 elementor-widget elementor-widget-text-editor\" data-id=\"e7bfad1\" data-element_type=\"widget\" data-e-type=\"widget\" data-widget_type=\"text-editor.default\">\n\t\t\t\t<div class=\"elementor-widget-container\">\n\t\t\t\t\t\t\t\t\t<p><span style=\"color: #3c9415;\"><strong>Begeben Sie sich auf ein unvergessliches Abenteuer und entdecken Sie die nat\u00fcrliche Sch\u00f6nheit des Rio Celeste, einen der erstaunlichsten Sch\u00e4tze Costa Ricas.<\/strong><\/span><\/p><p>Unser g\u00fcnstig gelegenes B\u00fcro nahe dem Eingang des Tenorio-Nationalparks dient als perfekter Ausgangspunkt f\u00fcr Ihre Erkundungstouren. Mit der Karte von Rio Celeste Costa Rica in der Hand k\u00f6nnen Sie ganz einfach den Weg zu diesem magischen Ort finden.<\/p><h3>G\u00fcnstig gelegen f\u00fcr einfachen Zugang zum Rio Celeste<\/h3><p><strong><span style=\"color: #3c9415;\">Unser B\u00fcro liegt nur 20 Autominuten vom atemberaubenden Wasserfall Rio Celeste entfernt. Der blaue Fluss flie\u00dft durch unser Grundst\u00fcck und bietet einfachen Zugang zu dieser atemberaubenden Attraktion.<\/span> <\/strong><\/p><p>Unsere aufregenden Aktivit\u00e4ten sollen Ihnen dabei helfen, die nat\u00fcrliche Sch\u00f6nheit des Rio Celeste in vollen Z\u00fcgen zu erleben, von gef\u00fchrten Wanderungen bis hin zu Tubing-Abenteuern, die Sie durch die atemberaubenden Landschaften und Wasserf\u00e4lle des Nationalparks Tenorio Volcano f\u00fchren. <a href=\"https:\/\/es.wikipedia.org\/wiki\/R%C3%ADo_Celeste\" target=\"_blank\" rel=\"noopener\">STANDORT DES WASSERFALLS IN RIO CELESTE<\/a><\/p>\t\t\t\t\t\t\t\t<\/div>\n\t\t\t\t<\/div>\n\t\t\t\t<\/div>\n\t\t\t\t\t<\/div>\n\t\t\t\t<\/div>\n\t\t<div class=\"elementor-element elementor-element-9749a87 e-flex e-con-boxed e-con e-parent\" data-id=\"9749a87\" data-element_type=\"container\" data-e-type=\"container\">\n\t\t\t\t\t<div class=\"e-con-inner\">\n\t\t\t\t<div class=\"elementor-element elementor-element-d56c100 elementor-widget elementor-widget-text-editor\" data-id=\"d56c100\" data-element_type=\"widget\" data-e-type=\"widget\" data-widget_type=\"text-editor.default\">\n\t\t\t\t<div class=\"elementor-widget-container\">\n\t\t\t\t\t\t\t\t\t<h3>Erkunden Sie Rio Celeste auf eigene Faust bei einer selbstgef\u00fchrten Wanderung<\/h3><p>F\u00fcr diejenigen, die die Erkundung lieber auf eigene Faust unternehmen m\u00f6chten, beginnen selbstgef\u00fchrte Wanderungen direkt am Tenorio-Nationalpark. Mithilfe der Karte von Rio Celeste Costa Rica finden Sie ganz einfach den Weg zum Parkeingang, wo Sie am Tag der Aktivit\u00e4t Tickets kaufen k\u00f6nnen. Die Wanderung f\u00fchrt Sie durch den Nationalpark, wo Sie auch den beeindruckenden Wasserfall des Blue River und alle Naturattraktionen sehen k\u00f6nnen, die der Tenorio Park zu bieten hat.<\/p><h3>Erleben Sie noch heute die Magie der Rio Celeste-Wanderung<\/h3><p>Dank unserer g\u00fcnstigen Lage und aufregenden Aktivit\u00e4ten gibt es keine bessere M\u00f6glichkeit, die Naturwunder des Rio Celeste zu erkunden. <a href=\"https:\/\/riocelesteaventuras.com\/de\/kontaktiere-uns\/\">Kontaktieren<\/a> Sie uns noch heute, um Ihr Abenteuer zu buchen und Ihre Reise zu diesem magischen Ort zu beginnen. <a href=\"https:\/\/maps.app.goo.gl\/K5ppiSi5bQeaAyzT6?g_st=ipc\" target=\"_blank\" rel=\"noopener\">RIO CELESTE GOOGLE MAPS<\/a><\/p>\t\t\t\t\t\t\t\t<\/div>\n\t\t\t\t<\/div>\n\t\t\t\t\t<\/div>\n\t\t\t\t<\/div>\n\t\t\t\t<\/div>\n\t\t","protected":false},"excerpt":{"rendered":"<p>Standort Entdecken Sie die zauberhafte Rio Celeste Costa Rica Karte f\u00fcr ein unvergessliches Abenteuer Entdecken Sie die majest\u00e4tischen Wunder des Rio Celeste mit unseren aufregenden Aktivit\u00e4ten Begeben Sie sich auf ein unvergessliches Abenteuer und entdecken Sie die nat\u00fcrliche Sch\u00f6nheit des [&hellip;]<\/p>\n","protected":false},"author":1,"featured_media":0,"parent":0,"menu_order":0,"comment_status":"closed","ping_status":"closed","template":"elementor_header_footer","meta":{"footnotes":""},"class_list":["post-6597","page","type-page","status-publish","hentry","travel-monster-post","no-post-thumbnail","latest_post"],"_links":{"self":[{"href":"https:\/\/riocelesteaventuras.com\/de\/wp-json\/wp\/v2\/pages\/6597","targetHints":{"allow":["GET"]}}],"collection":[{"href":"https:\/\/riocelesteaventuras.com\/de\/wp-json\/wp\/v2\/pages"}],"about":[{"href":"https:\/\/riocelesteaventuras.com\/de\/wp-json\/wp\/v2\/types\/page"}],"author":[{"embeddable":true,"href":"https:\/\/riocelesteaventuras.com\/de\/wp-json\/wp\/v2\/users\/1"}],"replies":[{"embeddable":true,"href":"https:\/\/riocelesteaventuras.com\/de\/wp-json\/wp\/v2\/comments?post=6597"}],"version-history":[{"count":0,"href":"https:\/\/riocelesteaventuras.com\/de\/wp-json\/wp\/v2\/pages\/6597\/revisions"}],"wp:attachment":[{"href":"https:\/\/riocelesteaventuras.com\/de\/wp-json\/wp\/v2\/media?parent=6597"}],"curies":[{"name":"wp","href":"https:\/\/api.w.org\/{rel}","templated":true}]}}